{"id":806,"date":"2019-04-10T11:22:58","date_gmt":"2019-04-10T09:22:58","guid":{"rendered":"http:\/\/gloriaferester-bijoux.com\/?page_id=806"},"modified":"2019-04-10T11:44:05","modified_gmt":"2019-04-10T09:44:05","slug":"mentions-legales","status":"publish","type":"page","link":"https:\/\/gloriaferester-bijoux.com\/fr_fr\/mentions-legales\/","title":{"rendered":"Mentions l\u00e9gales"},"content":{"rendered":"<!--themify_builder_content-->\r\n<div id=\"themify_builder_content-806\" data-postid=\"806\" class=\"themify_builder_content themify_builder_content-806 themify_builder tf_clear\">\r\n    \t<!-- module_row -->\r\n\t<div  data-lazy=\"1\" class=\"module_row themify_builder_row tb_395ab7d tb_first tf_clearfix\">\r\n\t    \t\t<div class=\"row_inner col_align_top col-count-1 tf_box tf_w tf_rel\">\r\n\t\t\t<div  data-lazy=\"1\" class=\"module_column tb-column col-full first tb_80a382f tf_box\">\r\n\t\t\t    \t        <div class=\"tb-column-inner tf_box tf_w\">\r\n\t\t    <!-- module text -->\r\n<div  class=\"module module-text tb_a6fab23  repeat \" data-lazy=\"1\">\r\n        <div  class=\"tb_text_wrap\">\r\n    <h4>RESPONSABLE DE LA PUBLICATION : Gloria Ferester.<\/h4><h4>Le site Internet est h\u00e9berg\u00e9 par la soci\u00e9t\u00e9 OVH dont le si\u00e8ge social est situ\u00e9 au 2 rue Kellermann &#8211; 59100 Roubaix &#8211; France et immatricul\u00e9e au RCS de Lille M\u00e9tropole sous le n\u00b0 424 761 419 00045<br \/>E-mail :\u00a0<a href=\"https:\/\/www.ovh.com\/fr\/support\/\" target=\"_blank\" rel=\"noopener\">https:\/\/www.ovh.com\/fr\/support\/<\/a><br \/>T\u00e9l\u00e9phone : 1007<\/h4><h4><b>CONCEPTION ET PHOTOGRAPHIE<\/b><a href=\"mailto:contact@symediane.com\"> :<\/a> Gloria Ferester<\/h4><h4><b>AVERTISSEMENT CONCERNANT LES COOKIES :<\/b><\/h4><h4>Un cookie est un petit fichier \u00e9mis par un serveur consult\u00e9 par un utilisateur et enregistr\u00e9 sur le disque dur de celui-ci. Notre site Internet \u00e9met des cookies qui enregistrent des informations relatives \u00e0 votre navigation et stockent des informations que vous avez saisies durant votre visite de mani\u00e8re \u00e0 ce que vous n&#8217;ayez plus besoin de les saisir lors de vos prochaines visites. Ce cookie pourra \u00eatre consult\u00e9 lors de vos visites sur le site Internet. La dur\u00e9e de conservation de ces informations dans votre ordinateur est de 48 heures. Nous vous informons que vous pouvez vous opposer \u00e0 l&#8217;enregistrement des cookies en configurant votre navigateur.<\/h4>    <\/div>\r\n<\/div>\r\n<!-- \/module text -->\t        <\/div>\r\n\t    \t<\/div>\r\n\t\t    <\/div>\r\n\t    <!-- \/row_inner -->\r\n\t<\/div>\r\n\t<!-- \/module_row -->\r\n\t<\/div>\r\n<!--\/themify_builder_content-->\r\n<\/p>","protected":false},"excerpt":{"rendered":"<p>RESPONSABLE DE LA PUBLICATION : Gloria Ferester. Le site Internet est h\u00e9berg\u00e9 par la soci\u00e9t\u00e9 OVH dont le si\u00e8ge social est situ\u00e9 au 2 rue Kellermann &#8211; 59100 Roubaix &#8211; France et immatricul\u00e9e au RCS de Lille M\u00e9tropole sous le n\u00b0 424 761 419 00045E-mail :\u00a0https:\/\/www.ovh.com\/fr\/support\/T\u00e9l\u00e9phone : 1007 CONCEPTION ET PHOTOGRAPHIE : Gloria Ferester AVERTISSEMENT [&hellip;]<\/p>\n","protected":false},"author":1,"featured_media":0,"parent":0,"menu_order":0,"comment_status":"closed","ping_status":"closed","template":"","meta":{"_mi_skip_tracking":false},"yoast_head":"<!-- This site is optimized with the Yoast SEO plugin v15.7 - https:\/\/yoast.com\/wordpress\/plugins\/seo\/ -->\n<title>Mentions l\u00e9gales - Gloria Ferester<\/title>\n<meta name=\"robots\" content=\"index, follow, max-snippet:-1, max-image-preview:large, max-video-preview:-1\" \/>\n<link rel=\"canonical\" href=\"http:\/\/gloriaferester-bijoux.com\/fr_fr\/mentions-legales\/\" \/>\n<meta property=\"og:locale\" content=\"fr_FR\" \/>\n<meta property=\"og:type\" content=\"article\" \/>\n<meta property=\"og:title\" content=\"Mentions l\u00e9gales - Gloria Ferester\" \/>\n<meta property=\"og:description\" content=\"RESPONSABLE DE LA PUBLICATION : Gloria Ferester. Le site Internet est h\u00e9berg\u00e9 par la soci\u00e9t\u00e9 OVH dont le si\u00e8ge social est situ\u00e9 au 2 rue Kellermann &#8211; 59100 Roubaix &#8211; France et immatricul\u00e9e au RCS de Lille M\u00e9tropole sous le n\u00b0 424 761 419 00045E-mail :\u00a0https:\/\/www.ovh.com\/fr\/support\/T\u00e9l\u00e9phone : 1007 CONCEPTION ET PHOTOGRAPHIE : Gloria Ferester AVERTISSEMENT [&hellip;]\" \/>\n<meta property=\"og:url\" content=\"http:\/\/gloriaferester-bijoux.com\/fr_fr\/mentions-legales\/\" \/>\n<meta property=\"og:site_name\" content=\"Gloria Ferester\" \/>\n<meta property=\"article:modified_time\" content=\"2019-04-10T09:44:05+00:00\" \/>\n<meta name=\"twitter:card\" content=\"summary_large_image\" \/>\n<meta name=\"twitter:label1\" content=\"Dur\u00e9e de lecture est.\">\n\t<meta name=\"twitter:data1\" content=\"1 minute\">\n<script type=\"application\/ld+json\" class=\"yoast-schema-graph\">{\"@context\":\"https:\/\/schema.org\",\"@graph\":[{\"@type\":[\"Person\",\"Organization\"],\"@id\":\"https:\/\/gloriaferester-bijoux.com\/fr_fr\/#\/schema\/person\/9a3539945155c01c675c002d369a6264\",\"name\":\"admin7742\",\"image\":{\"@type\":\"ImageObject\",\"@id\":\"https:\/\/gloriaferester-bijoux.com\/fr_fr\/#personlogo\",\"inLanguage\":\"fr-FR\",\"url\":\"https:\/\/secure.gravatar.com\/avatar\/2fcb8e48a746c7cf58fc7f685b3968bb?s=96&d=mm&r=g\",\"caption\":\"admin7742\"},\"logo\":{\"@id\":\"https:\/\/gloriaferester-bijoux.com\/fr_fr\/#personlogo\"}},{\"@type\":\"WebSite\",\"@id\":\"https:\/\/gloriaferester-bijoux.com\/fr_fr\/#website\",\"url\":\"https:\/\/gloriaferester-bijoux.com\/fr_fr\/\",\"name\":\"Gloria Ferester\",\"description\":\"Paris\",\"publisher\":{\"@id\":\"https:\/\/gloriaferester-bijoux.com\/fr_fr\/#\/schema\/person\/9a3539945155c01c675c002d369a6264\"},\"potentialAction\":[{\"@type\":\"SearchAction\",\"target\":\"https:\/\/gloriaferester-bijoux.com\/fr_fr\/?s={search_term_string}\",\"query-input\":\"required name=search_term_string\"}],\"inLanguage\":\"fr-FR\"},{\"@type\":\"WebPage\",\"@id\":\"http:\/\/gloriaferester-bijoux.com\/fr_fr\/mentions-legales\/#webpage\",\"url\":\"http:\/\/gloriaferester-bijoux.com\/fr_fr\/mentions-legales\/\",\"name\":\"Mentions l\\u00e9gales - Gloria Ferester\",\"isPartOf\":{\"@id\":\"https:\/\/gloriaferester-bijoux.com\/fr_fr\/#website\"},\"datePublished\":\"2019-04-10T09:22:58+00:00\",\"dateModified\":\"2019-04-10T09:44:05+00:00\",\"breadcrumb\":{\"@id\":\"http:\/\/gloriaferester-bijoux.com\/fr_fr\/mentions-legales\/#breadcrumb\"},\"inLanguage\":\"fr-FR\",\"potentialAction\":[{\"@type\":\"ReadAction\",\"target\":[\"http:\/\/gloriaferester-bijoux.com\/fr_fr\/mentions-legales\/\"]}]},{\"@type\":\"BreadcrumbList\",\"@id\":\"http:\/\/gloriaferester-bijoux.com\/fr_fr\/mentions-legales\/#breadcrumb\",\"itemListElement\":[{\"@type\":\"ListItem\",\"position\":1,\"item\":{\"@type\":\"WebPage\",\"@id\":\"https:\/\/gloriaferester-bijoux.com\/fr_fr\/\",\"url\":\"https:\/\/gloriaferester-bijoux.com\/fr_fr\/\",\"name\":\"Accueil\"}},{\"@type\":\"ListItem\",\"position\":2,\"item\":{\"@type\":\"WebPage\",\"@id\":\"http:\/\/gloriaferester-bijoux.com\/fr_fr\/mentions-legales\/\",\"url\":\"http:\/\/gloriaferester-bijoux.com\/fr_fr\/mentions-legales\/\",\"name\":\"Mentions l\\u00e9gales\"}}]}]}<\/script>\n<!-- \/ Yoast SEO plugin. -->","builder_content":"<h4>RESPONSABLE DE LA PUBLICATION : Gloria Ferester.<\/h4><h4>Le site Internet est h\u00e9berg\u00e9 par la soci\u00e9t\u00e9 OVH dont le si\u00e8ge social est situ\u00e9 au 2 rue Kellermann - 59100 Roubaix - France et immatricul\u00e9e au RCS de Lille M\u00e9tropole sous le n\u00b0 424 761 419 00045<br \/>E-mail :\u00a0<a href=\"https:\/\/www.ovh.com\/fr\/support\/\" target=\"_blank\" rel=\"noopener\">https:\/\/www.ovh.com\/fr\/support\/<\/a><br \/>T\u00e9l\u00e9phone : 1007<\/h4><h4><b>CONCEPTION ET PHOTOGRAPHIE<\/b><a href=\"mailto:contact@symediane.com\"> :<\/a> Gloria Ferester<\/h4><h4><b>AVERTISSEMENT CONCERNANT LES COOKIES :<\/b><\/h4><h4>Un cookie est un petit fichier \u00e9mis par un serveur consult\u00e9 par un utilisateur et enregistr\u00e9 sur le disque dur de celui-ci. Notre site Internet \u00e9met des cookies qui enregistrent des informations relatives \u00e0 votre navigation et stockent des informations que vous avez saisies durant votre visite de mani\u00e8re \u00e0 ce que vous n'ayez plus besoin de les saisir lors de vos prochaines visites. Ce cookie pourra \u00eatre consult\u00e9 lors de vos visites sur le site Internet. La dur\u00e9e de conservation de ces informations dans votre ordinateur est de 48 heures. Nous vous informons que vous pouvez vous opposer \u00e0 l'enregistrement des cookies en configurant votre navigateur.<\/h4>","_links":{"self":[{"href":"https:\/\/gloriaferester-bijoux.com\/fr_fr\/wp-json\/wp\/v2\/pages\/806"}],"collection":[{"href":"https:\/\/gloriaferester-bijoux.com\/fr_fr\/wp-json\/wp\/v2\/pages"}],"about":[{"href":"https:\/\/gloriaferester-bijoux.com\/fr_fr\/wp-json\/wp\/v2\/types\/page"}],"author":[{"embeddable":true,"href":"https:\/\/gloriaferester-bijoux.com\/fr_fr\/wp-json\/wp\/v2\/users\/1"}],"replies":[{"embeddable":true,"href":"https:\/\/gloriaferester-bijoux.com\/fr_fr\/wp-json\/wp\/v2\/comments?post=806"}],"version-history":[{"count":7,"href":"https:\/\/gloriaferester-bijoux.com\/fr_fr\/wp-json\/wp\/v2\/pages\/806\/revisions"}],"predecessor-version":[{"id":813,"href":"https:\/\/gloriaferester-bijoux.com\/fr_fr\/wp-json\/wp\/v2\/pages\/806\/revisions\/813"}],"wp:attachment":[{"href":"https:\/\/gloriaferester-bijoux.com\/fr_fr\/wp-json\/wp\/v2\/media?parent=806"}],"curies":[{"name":"wp","href":"https:\/\/api.w.org\/{rel}","templated":true}]}}