{"id":796,"date":"2019-04-10T10:29:29","date_gmt":"2019-04-10T08:29:29","guid":{"rendered":"http:\/\/gloriaferester-bijoux.com\/?page_id=796"},"modified":"2019-05-14T22:35:29","modified_gmt":"2019-05-14T20:35:29","slug":"conseils-dentretien","status":"publish","type":"page","link":"https:\/\/gloriaferester-bijoux.com\/fr_fr\/conseils-dentretien\/","title":{"rendered":"Conseils d&#8217;entretien"},"content":{"rendered":"<!--themify_builder_content-->\r\n<div id=\"themify_builder_content-796\" data-postid=\"796\" class=\"themify_builder_content themify_builder_content-796 themify_builder tf_clear\">\r\n    \t<!-- module_row -->\r\n\t<div  data-lazy=\"1\" class=\"module_row themify_builder_row tb_1af73b5 tb_first tf_clearfix\">\r\n\t    \t\t<div class=\"row_inner col_align_top col-count-1 tf_box tf_w tf_rel\">\r\n\t\t\t<div  data-lazy=\"1\" class=\"module_column tb-column col-full first tb_f1004c7 tf_box\">\r\n\t\t\t    \t        <div class=\"tb-column-inner tf_box tf_w\">\r\n\t\t    <!-- module text -->\r\n<div  class=\"module module-text tb_e17330d  repeat \" data-lazy=\"1\">\r\n        <div  class=\"tb_text_wrap\">\r\n    <h4><strong>Conseils d\u2019entretien<\/strong><\/h4>\n<h4>Voici quelques pr\u00e9cautions d\u2019usage et d\u2019entretien pour conserver le plus longtemps possible vos bijoux en bon \u00e9tat.<\/h4>\n<h4>Les bijoux en argent s\u2019oxydent naturellement au contact de l\u2019air et de l\u2019humidit\u00e9. Un chiffon sp\u00e9cial pour nettoyer l\u2019argent permet de redonner brillance \u00e0 celui-ci et d\u2019enlever l\u2019effet de l\u2019oxydation.<\/h4>\n<h4>Les bijoux dor\u00e9s \u00e0 l\u2019or fin ou peints sont plus fragiles car la patine superficielle s\u2019estompe \u00e0 l\u2019usage\u00a0; cette usure d\u00e9pend de la fa\u00e7on dont les bijoux sont entretenus.<\/h4>\n<h4>Il est donc pr\u00e9f\u00e9rable d\u2019\u00e9viter de porter vos bijoux dans les situations suivantes\u00a0:<\/h4>\n<ul>\n<li>\n<h4>Lorsque vous vous lavez les mains, afin que les d\u00e9p\u00f4ts de savon ne viennent se loger dans les interstices,<\/h4>\n<\/li>\n<li>\n<h4>Lorsque vous faites des activit\u00e9s n\u00e9cessitant l\u2019emploi de produits corrosifs (jardinage, m\u00e9nage, vaisselle\u2026) afin d\u2019\u00e9viter d\u2019endommager les pierres et la dorure du bijou,<\/h4>\n<\/li>\n<li>\n<h4>Lorsque vous pratiquez des activit\u00e9s sportives pour \u00e9viter les chocs et les rayures.<\/h4>\n<\/li>\n<\/ul>\n<h4>Il est aussi recommand\u00e9\u00a0:<\/h4>\n<ul>\n<li>\n<h4>D\u2019exposer les bijoux \u00e0 une forte chaleur car les \u00e9carts de temp\u00e9rature peuvent endommager les pierres pr\u00e9cieuses ou semi-pr\u00e9cieuses,<\/h4>\n<\/li>\n<li>\n<h4>De ne pas se parfumer ou se maquiller en portant les bijoux car certains composants chimiques des produits cosm\u00e9tiques peuvent \u00eatre nuisibles,<\/h4>\n<\/li>\n<li>\n<h4>Les bijoux pouvant se rayer au contact les uns des autres, il est conseill\u00e9 de les ranger individuellement dans leur pochette et les conserver \u00e0 l\u2019abri de l\u2019air et de l\u2019humidit\u00e9.<\/h4>\n<\/li>\n<\/ul>\n<h4><strong>Garanties<\/strong><\/h4>\n<h4>Chaque bijou est soumis aux garanties l\u00e9gales en vigueur. Cependant, ne sont pas couverts par ces garanties\u00a0:<\/h4>\n<ul>\n<li>\n<h4>Les dommages r\u00e9sultant d\u2019accidents ou d\u2019un usage impropre du bijou (cf. conseils d\u2019entretien),<\/h4>\n<\/li>\n<li>\n<h4>Les dommages r\u00e9sultant de r\u00e9parations ou d\u00e9montages non effectu\u00e9s par la cr\u00e9atrice,<\/h4>\n<\/li>\n<li>\n<h4>Les cons\u00e9quences de l\u2019usage normal et du vieillissement du bijou.<\/h4>\n<\/li>\n<\/ul>    <\/div>\r\n<\/div>\r\n<!-- \/module text -->\t        <\/div>\r\n\t    \t<\/div>\r\n\t\t    <\/div>\r\n\t    <!-- \/row_inner -->\r\n\t<\/div>\r\n\t<!-- \/module_row -->\r\n\t<\/div>\r\n<!--\/themify_builder_content-->\r\n<\/p>","protected":false},"excerpt":{"rendered":"<p>Conseils d\u2019entretien Voici quelques pr\u00e9cautions d\u2019usage et d\u2019entretien pour conserver le plus longtemps possible vos bijoux en bon \u00e9tat. Les bijoux en argent s\u2019oxydent naturellement au contact de l\u2019air et de l\u2019humidit\u00e9. Un chiffon sp\u00e9cial pour nettoyer l\u2019argent permet de redonner brillance \u00e0 celui-ci et d\u2019enlever l\u2019effet de l\u2019oxydation. Les bijoux dor\u00e9s \u00e0 l\u2019or fin [&hellip;]<\/p>\n","protected":false},"author":1,"featured_media":0,"parent":0,"menu_order":0,"comment_status":"closed","ping_status":"closed","template":"","meta":{"_mi_skip_tracking":false},"yoast_head":"<!-- This site is optimized with the Yoast SEO plugin v15.7 - https:\/\/yoast.com\/wordpress\/plugins\/seo\/ -->\n<title>Bijoux de cr\u00e9ateur - Conseils d&#039;entretien - Gloria Ferester Paris<\/title>\n<meta name=\"description\" content=\"Respecter quelques pr\u00e9cautions d&#039;usage et d&#039;entretien permet de conserver au mieux et le plus longtemps possible vos bijoux.\" \/>\n<meta name=\"robots\" content=\"index, follow, max-snippet:-1, max-image-preview:large, max-video-preview:-1\" \/>\n<link rel=\"canonical\" href=\"http:\/\/gloriaferester-bijoux.com\/fr_fr\/conseils-dentretien\/\" \/>\n<meta property=\"og:locale\" content=\"fr_FR\" \/>\n<meta property=\"og:type\" content=\"article\" \/>\n<meta property=\"og:title\" content=\"Bijoux de cr\u00e9ateur - Conseils d&#039;entretien - Gloria Ferester Paris\" \/>\n<meta property=\"og:description\" content=\"Respecter quelques pr\u00e9cautions d&#039;usage et d&#039;entretien permet de conserver au mieux et le plus longtemps possible vos bijoux.\" \/>\n<meta property=\"og:url\" content=\"http:\/\/gloriaferester-bijoux.com\/fr_fr\/conseils-dentretien\/\" \/>\n<meta property=\"og:site_name\" content=\"Gloria Ferester\" \/>\n<meta property=\"article:modified_time\" content=\"2019-05-14T20:35:29+00:00\" \/>\n<meta name=\"twitter:card\" content=\"summary_large_image\" \/>\n<meta name=\"twitter:label1\" content=\"Dur\u00e9e de lecture est.\">\n\t<meta name=\"twitter:data1\" content=\"2 minutes\">\n<script type=\"application\/ld+json\" class=\"yoast-schema-graph\">{\"@context\":\"https:\/\/schema.org\",\"@graph\":[{\"@type\":[\"Person\",\"Organization\"],\"@id\":\"https:\/\/gloriaferester-bijoux.com\/fr_fr\/#\/schema\/person\/9a3539945155c01c675c002d369a6264\",\"name\":\"admin7742\",\"image\":{\"@type\":\"ImageObject\",\"@id\":\"https:\/\/gloriaferester-bijoux.com\/fr_fr\/#personlogo\",\"inLanguage\":\"fr-FR\",\"url\":\"https:\/\/secure.gravatar.com\/avatar\/2fcb8e48a746c7cf58fc7f685b3968bb?s=96&d=mm&r=g\",\"caption\":\"admin7742\"},\"logo\":{\"@id\":\"https:\/\/gloriaferester-bijoux.com\/fr_fr\/#personlogo\"}},{\"@type\":\"WebSite\",\"@id\":\"https:\/\/gloriaferester-bijoux.com\/fr_fr\/#website\",\"url\":\"https:\/\/gloriaferester-bijoux.com\/fr_fr\/\",\"name\":\"Gloria Ferester\",\"description\":\"Paris\",\"publisher\":{\"@id\":\"https:\/\/gloriaferester-bijoux.com\/fr_fr\/#\/schema\/person\/9a3539945155c01c675c002d369a6264\"},\"potentialAction\":[{\"@type\":\"SearchAction\",\"target\":\"https:\/\/gloriaferester-bijoux.com\/fr_fr\/?s={search_term_string}\",\"query-input\":\"required name=search_term_string\"}],\"inLanguage\":\"fr-FR\"},{\"@type\":\"WebPage\",\"@id\":\"http:\/\/gloriaferester-bijoux.com\/en\/conseils-dentretien\/#webpage\",\"url\":\"http:\/\/gloriaferester-bijoux.com\/en\/conseils-dentretien\/\",\"name\":\"Bijoux de cr\\u00e9ateur - Conseils d'entretien - Gloria Ferester Paris\",\"isPartOf\":{\"@id\":\"https:\/\/gloriaferester-bijoux.com\/fr_fr\/#website\"},\"datePublished\":\"2019-04-10T08:29:29+00:00\",\"dateModified\":\"2019-05-14T20:35:29+00:00\",\"description\":\"Respecter quelques pr\\u00e9cautions d'usage et d'entretien permet de conserver au mieux et le plus longtemps possible vos bijoux.\",\"breadcrumb\":{\"@id\":\"http:\/\/gloriaferester-bijoux.com\/en\/conseils-dentretien\/#breadcrumb\"},\"inLanguage\":\"fr-FR\",\"potentialAction\":[{\"@type\":\"ReadAction\",\"target\":[\"http:\/\/gloriaferester-bijoux.com\/en\/conseils-dentretien\/\"]}]},{\"@type\":\"BreadcrumbList\",\"@id\":\"http:\/\/gloriaferester-bijoux.com\/en\/conseils-dentretien\/#breadcrumb\",\"itemListElement\":[{\"@type\":\"ListItem\",\"position\":1,\"item\":{\"@type\":\"WebPage\",\"@id\":\"https:\/\/gloriaferester-bijoux.com\/fr_fr\/\",\"url\":\"https:\/\/gloriaferester-bijoux.com\/fr_fr\/\",\"name\":\"Accueil\"}},{\"@type\":\"ListItem\",\"position\":2,\"item\":{\"@type\":\"WebPage\",\"@id\":\"http:\/\/gloriaferester-bijoux.com\/en\/conseils-dentretien\/\",\"url\":\"http:\/\/gloriaferester-bijoux.com\/en\/conseils-dentretien\/\",\"name\":\"Conseils d&#8217;entretien\"}}]}]}<\/script>\n<!-- \/ Yoast SEO plugin. -->","builder_content":"<h4><strong>Conseils d\u2019entretien<\/strong><\/h4> <h4>Voici quelques pr\u00e9cautions d\u2019usage et d\u2019entretien pour conserver le plus longtemps possible vos bijoux en bon \u00e9tat.<\/h4> <h4>Les bijoux en argent s\u2019oxydent naturellement au contact de l\u2019air et de l\u2019humidit\u00e9. Un chiffon sp\u00e9cial pour nettoyer l\u2019argent permet de redonner brillance \u00e0 celui-ci et d\u2019enlever l\u2019effet de l\u2019oxydation.<\/h4> <h4>Les bijoux dor\u00e9s \u00e0 l\u2019or fin ou peints sont plus fragiles car la patine superficielle s\u2019estompe \u00e0 l\u2019usage\u00a0; cette usure d\u00e9pend de la fa\u00e7on dont les bijoux sont entretenus.<\/h4> <h4>Il est donc pr\u00e9f\u00e9rable d\u2019\u00e9viter de porter vos bijoux dans les situations suivantes\u00a0:<\/h4> <ul> <li> <h4>Lorsque vous vous lavez les mains, afin que les d\u00e9p\u00f4ts de savon ne viennent se loger dans les interstices,<\/h4> <\/li> <li> <h4>Lorsque vous faites des activit\u00e9s n\u00e9cessitant l\u2019emploi de produits corrosifs (jardinage, m\u00e9nage, vaisselle\u2026) afin d\u2019\u00e9viter d\u2019endommager les pierres et la dorure du bijou,<\/h4> <\/li> <li> <h4>Lorsque vous pratiquez des activit\u00e9s sportives pour \u00e9viter les chocs et les rayures.<\/h4> <\/li> <\/ul> <h4>Il est aussi recommand\u00e9\u00a0:<\/h4> <ul> <li> <h4>D\u2019exposer les bijoux \u00e0 une forte chaleur car les \u00e9carts de temp\u00e9rature peuvent endommager les pierres pr\u00e9cieuses ou semi-pr\u00e9cieuses,<\/h4> <\/li> <li> <h4>De ne pas se parfumer ou se maquiller en portant les bijoux car certains composants chimiques des produits cosm\u00e9tiques peuvent \u00eatre nuisibles,<\/h4> <\/li> <li> <h4>Les bijoux pouvant se rayer au contact les uns des autres, il est conseill\u00e9 de les ranger individuellement dans leur pochette et les conserver \u00e0 l\u2019abri de l\u2019air et de l\u2019humidit\u00e9.<\/h4> <\/li> <\/ul> <h4><strong>Garanties<\/strong><\/h4> <h4>Chaque bijou est soumis aux garanties l\u00e9gales en vigueur. Cependant, ne sont pas couverts par ces garanties\u00a0:<\/h4> <ul> <li> <h4>Les dommages r\u00e9sultant d\u2019accidents ou d\u2019un usage impropre du bijou (cf. conseils d\u2019entretien),<\/h4> <\/li> <li> <h4>Les dommages r\u00e9sultant de r\u00e9parations ou d\u00e9montages non effectu\u00e9s par la cr\u00e9atrice,<\/h4> <\/li> <li> <h4>Les cons\u00e9quences de l\u2019usage normal et du vieillissement du bijou.<\/h4> <\/li> <\/ul>","_links":{"self":[{"href":"https:\/\/gloriaferester-bijoux.com\/fr_fr\/wp-json\/wp\/v2\/pages\/796"}],"collection":[{"href":"https:\/\/gloriaferester-bijoux.com\/fr_fr\/wp-json\/wp\/v2\/pages"}],"about":[{"href":"https:\/\/gloriaferester-bijoux.com\/fr_fr\/wp-json\/wp\/v2\/types\/page"}],"author":[{"embeddable":true,"href":"https:\/\/gloriaferester-bijoux.com\/fr_fr\/wp-json\/wp\/v2\/users\/1"}],"replies":[{"embeddable":true,"href":"https:\/\/gloriaferester-bijoux.com\/fr_fr\/wp-json\/wp\/v2\/comments?post=796"}],"version-history":[{"count":9,"href":"https:\/\/gloriaferester-bijoux.com\/fr_fr\/wp-json\/wp\/v2\/pages\/796\/revisions"}],"predecessor-version":[{"id":1263,"href":"https:\/\/gloriaferester-bijoux.com\/fr_fr\/wp-json\/wp\/v2\/pages\/796\/revisions\/1263"}],"wp:attachment":[{"href":"https:\/\/gloriaferester-bijoux.com\/fr_fr\/wp-json\/wp\/v2\/media?parent=796"}],"curies":[{"name":"wp","href":"https:\/\/api.w.org\/{rel}","templated":true}]}}