{"id":47,"date":"2019-01-31T10:05:09","date_gmt":"2019-01-31T09:05:09","guid":{"rendered":"http:\/\/gloriaferester-bijoux.com\/?page_id=47"},"modified":"2019-05-16T09:18:35","modified_gmt":"2019-05-16T07:18:35","slug":"actualites","status":"publish","type":"page","link":"https:\/\/gloriaferester-bijoux.com\/fr_fr\/actualites\/","title":{"rendered":"Actualit\u00e9s"},"content":{"rendered":"<!--themify_builder_content-->\r\n<div id=\"themify_builder_content-47\" data-postid=\"47\" class=\"themify_builder_content themify_builder_content-47 themify_builder tf_clear\">\r\n    \t<!-- module_row -->\r\n\t<div  data-lazy=\"1\" class=\"module_row themify_builder_row tb_bbe7526 tb_first tf_clearfix\">\r\n\t    \t\t<div class=\"row_inner col_align_top col-count-1 tf_box tf_w tf_rel\">\r\n\t\t\t<div  data-lazy=\"1\" class=\"module_column tb-column col-full first tb_c4faa60 tf_box\">\r\n\t\t\t    \t        <div class=\"tb-column-inner tf_box tf_w\">\r\n\t\t    \t<div  data-lazy=\"1\" class=\"module_subrow themify_builder_sub_row tb_396c588 tf_w tf_clearfix\">\r\n\t    \t\t<div class=\"subrow_inner col_align_middle gutter-none col-count-2 tf_box tf_w\">\r\n\t\t\t<div  data-lazy=\"1\" class=\"sub_column module_column tf_box col2-1 first tb_c0740c7\"> \r\n\t    \t    \t        <div class=\"tb-column-inner tf_box tf_w\">\r\n\t\t    <!-- module image -->\r\n<div  class=\"module module-image tb_cf82a46 bordered  image-top tf_mw\" data-lazy=\"1\" data-parallax-element-speed=\"1\" data-lax-translate-y=\"vh 1,0 70\" data-lax=\"true\">\r\n        <div class=\"image-wrap tf_rel tf_mw\">\r\n\t\t    <img src=\"http:\/\/gloriaferester-bijoux.com\/wp-content\/uploads\/2019\/03\/Capture.png\" width=\"580\" height=\"600\" title=\"Actualit\u00e9s\" alt=\"Actualit\u00e9s\">\t\r\n\t\t<\/div>\r\n\t<!-- \/image-wrap -->\r\n    \r\n    \t<\/div>\r\n<!-- \/module image -->\t        <\/div>\r\n\t    \t<\/div>\r\n\t\t<div  data-lazy=\"1\" class=\"sub_column module_column tf_box col2-1 last tb_663a8cd\"> \r\n\t    \t    \t        <div class=\"tb-column-inner tf_box tf_w\">\r\n\t\t    <!-- module text -->\r\n<div  class=\"module module-text tb_af559c0  repeat \" data-lazy=\"1\">\r\n        <div  class=\"tb_text_wrap\">\r\n    <p>\u00a0 Collier\u00a0 expos\u00e9 en octobre 2018 sur le stand de la Maison Rapin dans le cadre du <a href=\"https:\/\/www.pad-fairs.com\/london\/\">Pavillon des Arts et du Design de Londres<\/a>, salon-\u00e9v\u00e9nement destin\u00e9 aux amateurs et collectionneurs internationaux d&#8217;Art et de Design.<\/p>    <\/div>\r\n<\/div>\r\n<!-- \/module text -->\t        <\/div>\r\n\t    \t<\/div>\r\n\t\t    <\/div>\r\n\t<\/div><!-- \/themify_builder_sub_row -->\r\n\t\t<div  data-lazy=\"1\" class=\"module_subrow themify_builder_sub_row tb_d0b0143 tf_w tf_clearfix\">\r\n\t    \t\t<div class=\"subrow_inner col_align_middle gutter-none col-count-2 direction-rtl tf_box tf_w\"  data-desktop_dir=\"rtl\">\r\n\t\t\t<div  data-lazy=\"1\" class=\"sub_column module_column tf_box col2-1 last tb_d1620b5\"> \r\n\t    \t    \t<\/div>\r\n\t\t<div  data-lazy=\"1\" class=\"sub_column module_column tf_box col2-1 first tb_bc6f1c2\"> \r\n\t    \t    \t<\/div>\r\n\t\t    <\/div>\r\n\t<\/div><!-- \/themify_builder_sub_row -->\r\n\t\t        <\/div>\r\n\t    \t<\/div>\r\n\t\t    <\/div>\r\n\t    <!-- \/row_inner -->\r\n\t<\/div>\r\n\t<!-- \/module_row -->\r\n\t<\/div>\r\n<!--\/themify_builder_content-->\r\n<\/p>","protected":false},"excerpt":{"rendered":"<p>\u00a0 Collier\u00a0 expos\u00e9 en octobre 2018 sur le stand de la Maison Rapin dans le cadre du Pavillon des Arts et du Design de Londres, salon-\u00e9v\u00e9nement destin\u00e9 aux amateurs et collectionneurs internationaux d&#8217;Art et de Design.<\/p>\n","protected":false},"author":1,"featured_media":0,"parent":0,"menu_order":0,"comment_status":"closed","ping_status":"closed","template":"","meta":{"_mi_skip_tracking":false},"yoast_head":"<!-- This site is optimized with the Yoast SEO plugin v15.7 - https:\/\/yoast.com\/wordpress\/plugins\/seo\/ -->\n<title>Bijoux de cr\u00e9ateur - Actualit\u00e9s - Gloria Ferester Paris<\/title>\n<meta name=\"description\" content=\"Ce spectaculaire collier a \u00e9t\u00e9 expos\u00e9 en oct. 2018 dans le cadre du prestigieux Pavillon des Arts et du Design de Londres, sur le stand de la Maison Rapin.\" \/>\n<meta name=\"robots\" content=\"index, follow, max-snippet:-1, max-image-preview:large, max-video-preview:-1\" \/>\n<link rel=\"canonical\" href=\"https:\/\/gloriaferester-bijoux.com\/fr_fr\/actualites\/\" \/>\n<meta property=\"og:locale\" content=\"fr_FR\" \/>\n<meta property=\"og:type\" content=\"article\" \/>\n<meta property=\"og:title\" content=\"Bijoux de cr\u00e9ateur - Actualit\u00e9s - Gloria Ferester Paris\" \/>\n<meta property=\"og:description\" content=\"Ce spectaculaire collier a \u00e9t\u00e9 expos\u00e9 en oct. 2018 dans le cadre du prestigieux Pavillon des Arts et du Design de Londres, sur le stand de la Maison Rapin.\" \/>\n<meta property=\"og:url\" content=\"https:\/\/gloriaferester-bijoux.com\/fr_fr\/actualites\/\" \/>\n<meta property=\"og:site_name\" content=\"Gloria Ferester\" \/>\n<meta property=\"article:modified_time\" content=\"2019-05-16T07:18:35+00:00\" \/>\n<meta property=\"og:image\" content=\"http:\/\/gloriaferester-bijoux.com\/wp-content\/uploads\/2019\/03\/Capture-580x600.png\" \/>\n<meta name=\"twitter:card\" content=\"summary_large_image\" \/>\n<script type=\"application\/ld+json\" class=\"yoast-schema-graph\">{\"@context\":\"https:\/\/schema.org\",\"@graph\":[{\"@type\":[\"Person\",\"Organization\"],\"@id\":\"https:\/\/gloriaferester-bijoux.com\/fr_fr\/#\/schema\/person\/9a3539945155c01c675c002d369a6264\",\"name\":\"admin7742\",\"image\":{\"@type\":\"ImageObject\",\"@id\":\"https:\/\/gloriaferester-bijoux.com\/fr_fr\/#personlogo\",\"inLanguage\":\"fr-FR\",\"url\":\"https:\/\/secure.gravatar.com\/avatar\/2fcb8e48a746c7cf58fc7f685b3968bb?s=96&d=mm&r=g\",\"caption\":\"admin7742\"},\"logo\":{\"@id\":\"https:\/\/gloriaferester-bijoux.com\/fr_fr\/#personlogo\"}},{\"@type\":\"WebSite\",\"@id\":\"https:\/\/gloriaferester-bijoux.com\/fr_fr\/#website\",\"url\":\"https:\/\/gloriaferester-bijoux.com\/fr_fr\/\",\"name\":\"Gloria Ferester\",\"description\":\"Paris\",\"publisher\":{\"@id\":\"https:\/\/gloriaferester-bijoux.com\/fr_fr\/#\/schema\/person\/9a3539945155c01c675c002d369a6264\"},\"potentialAction\":[{\"@type\":\"SearchAction\",\"target\":\"https:\/\/gloriaferester-bijoux.com\/fr_fr\/?s={search_term_string}\",\"query-input\":\"required name=search_term_string\"}],\"inLanguage\":\"fr-FR\"},{\"@type\":\"ImageObject\",\"@id\":\"https:\/\/gloriaferester-bijoux.com\/fr_fr\/actualites\/#primaryimage\",\"inLanguage\":\"fr-FR\",\"url\":\"http:\/\/gloriaferester-bijoux.com\/wp-content\/uploads\/2019\/03\/Capture-580x600.png\"},{\"@type\":\"WebPage\",\"@id\":\"https:\/\/gloriaferester-bijoux.com\/fr_fr\/actualites\/#webpage\",\"url\":\"https:\/\/gloriaferester-bijoux.com\/fr_fr\/actualites\/\",\"name\":\"Bijoux de cr\\u00e9ateur - Actualit\\u00e9s - Gloria Ferester Paris\",\"isPartOf\":{\"@id\":\"https:\/\/gloriaferester-bijoux.com\/fr_fr\/#website\"},\"primaryImageOfPage\":{\"@id\":\"https:\/\/gloriaferester-bijoux.com\/fr_fr\/actualites\/#primaryimage\"},\"datePublished\":\"2019-01-31T09:05:09+00:00\",\"dateModified\":\"2019-05-16T07:18:35+00:00\",\"description\":\"Ce spectaculaire collier a \\u00e9t\\u00e9 expos\\u00e9 en oct. 2018 dans le cadre du prestigieux Pavillon des Arts et du Design de Londres, sur le stand de la Maison Rapin.\",\"breadcrumb\":{\"@id\":\"https:\/\/gloriaferester-bijoux.com\/fr_fr\/actualites\/#breadcrumb\"},\"inLanguage\":\"fr-FR\",\"potentialAction\":[{\"@type\":\"ReadAction\",\"target\":[\"https:\/\/gloriaferester-bijoux.com\/fr_fr\/actualites\/\"]}]},{\"@type\":\"BreadcrumbList\",\"@id\":\"https:\/\/gloriaferester-bijoux.com\/fr_fr\/actualites\/#breadcrumb\",\"itemListElement\":[{\"@type\":\"ListItem\",\"position\":1,\"item\":{\"@type\":\"WebPage\",\"@id\":\"https:\/\/gloriaferester-bijoux.com\/fr_fr\/\",\"url\":\"https:\/\/gloriaferester-bijoux.com\/fr_fr\/\",\"name\":\"Accueil\"}},{\"@type\":\"ListItem\",\"position\":2,\"item\":{\"@type\":\"WebPage\",\"@id\":\"https:\/\/gloriaferester-bijoux.com\/fr_fr\/actualites\/\",\"url\":\"https:\/\/gloriaferester-bijoux.com\/fr_fr\/actualites\/\",\"name\":\"Actualit\\u00e9s\"}}]}]}<\/script>\n<!-- \/ Yoast SEO plugin. -->","builder_content":"<img src=\"http:\/\/gloriaferester-bijoux.com\/wp-content\/uploads\/2019\/03\/Capture.png\" width=\"580\" height=\"600\" title=\"Actualit\u00e9s\" alt=\"Actualit\u00e9s\">\n<p>\u00a0 Collier\u00a0 expos\u00e9 en octobre 2018 sur le stand de la Maison Rapin dans le cadre du <a href=\"https:\/\/www.pad-fairs.com\/london\/\">Pavillon des Arts et du Design de Londres<\/a>, salon-\u00e9v\u00e9nement destin\u00e9 aux amateurs et collectionneurs internationaux d'Art et de Design.<\/p>","_links":{"self":[{"href":"https:\/\/gloriaferester-bijoux.com\/fr_fr\/wp-json\/wp\/v2\/pages\/47"}],"collection":[{"href":"https:\/\/gloriaferester-bijoux.com\/fr_fr\/wp-json\/wp\/v2\/pages"}],"about":[{"href":"https:\/\/gloriaferester-bijoux.com\/fr_fr\/wp-json\/wp\/v2\/types\/page"}],"author":[{"embeddable":true,"href":"https:\/\/gloriaferester-bijoux.com\/fr_fr\/wp-json\/wp\/v2\/users\/1"}],"replies":[{"embeddable":true,"href":"https:\/\/gloriaferester-bijoux.com\/fr_fr\/wp-json\/wp\/v2\/comments?post=47"}],"version-history":[{"count":14,"href":"https:\/\/gloriaferester-bijoux.com\/fr_fr\/wp-json\/wp\/v2\/pages\/47\/revisions"}],"predecessor-version":[{"id":1275,"href":"https:\/\/gloriaferester-bijoux.com\/fr_fr\/wp-json\/wp\/v2\/pages\/47\/revisions\/1275"}],"wp:attachment":[{"href":"https:\/\/gloriaferester-bijoux.com\/fr_fr\/wp-json\/wp\/v2\/media?parent=47"}],"curies":[{"name":"wp","href":"https:\/\/api.w.org\/{rel}","templated":true}]}}