{"id":236,"date":"2019-02-28T12:02:04","date_gmt":"2019-02-28T11:02:04","guid":{"rendered":"http:\/\/gloriaferester-bijoux.com\/?page_id=236"},"modified":"2021-02-03T18:01:54","modified_gmt":"2021-02-03T17:01:54","slug":"masques","status":"publish","type":"page","link":"https:\/\/gloriaferester-bijoux.com\/fr_fr\/masques\/","title":{"rendered":"Masques"},"content":{"rendered":"<!--themify_builder_content-->\r\n<div id=\"themify_builder_content-236\" data-postid=\"236\" class=\"themify_builder_content themify_builder_content-236 themify_builder tf_clear\">\r\n    \t<!-- module_row -->\r\n\t<div  data-lazy=\"1\" class=\"module_row themify_builder_row tb_20f1920 tb_first tf_clearfix\">\r\n\t    \t\t<div class=\"row_inner col_align_top col-count-1 tf_box tf_w tf_rel\">\r\n\t\t\t<div  data-lazy=\"1\" class=\"module_column tb-column col-full first tb_84e8ac2 tf_box\">\r\n\t\t\t    \t        <div class=\"tb-column-inner tf_box tf_w\">\r\n\t\t    <!-- module text -->\r\n<div  class=\"module module-text tb_f40f22f  repeat \" data-lazy=\"1\">\r\n        <div  class=\"tb_text_wrap\">\r\n    <p><em>\u00a0\u00a0\u00a0\u00a0\u00a0 \u00ab\u00a0 Des \u00eatres aussi bien que des choses, nous ne poss\u00e9dons jamais que les apparences et les reflets. Tout n\u2019est-il pas que masques et miroirs\u00a0?\u00a0\u00bb . Henri de R\u00e9gnier<\/em><\/p>\n<p>\u00a0\u00a0\u00a0\u00a0\u00a0 Le masque est un objet \u00e9nigmatique par excellence, empreint \u00e0 la fois de l\u00a0\u00bbinqui\u00e9tante \u00e9tranget\u00e9\u00a0\u00bb d\u2019une feinte du visage et du jeu sur les apparences. Objet de m\u00e9tamorphose destin\u00e9 \u00e0 dissimuler le visage \u00e0 des fins cosmogoniques, religieuses ou th\u00e9\u00e2trales dans les soci\u00e9t\u00e9s anciennes, le masque connut en Europe, notamment en France, un renouveau et un succ\u00e8s consid\u00e9rable \u00e0 la fin du XIX\u00e9me si\u00e8cle et au d\u00e9but du XX\u00e9me si\u00e8cle dans la sculpture et les arts d\u00e9coratifs. Ce dialogue des arts avec le masque se r\u00e9v\u00e8le ici sous un aspect pr\u00e9cieux et sans autre pr\u00e9tention que celle de capter un regard s\u00e9duit par un accessoire devenu bijou.<\/p>    <\/div>\r\n<\/div>\r\n<!-- \/module text -->\t        <\/div>\r\n\t    \t<\/div>\r\n\t\t    <\/div>\r\n\t    <!-- \/row_inner -->\r\n\t<\/div>\r\n\t<!-- \/module_row -->\r\n\t\t<!-- module_row -->\r\n\t<div  data-lazy=\"1\" class=\"module_row themify_builder_row tb_f2a3417 tf_clearfix\">\r\n\t    \t\t<div class=\"row_inner col_align_top col-count-1 tf_box tf_w tf_rel\">\r\n\t\t\t<div  data-lazy=\"1\" class=\"module_column tb-column col-full first tb_685570f tf_box\">\r\n\t\t\t    \t        <div class=\"tb-column-inner tf_box tf_w\">\r\n\t\t    <!-- module gallery -->\r\n<div  class=\"module gallery module-gallery tb_b6ef435 layout-lightboxed  \" data-lazy=\"1\">\r\n    <\/div>\r\n<!-- \/module gallery -->\t        <\/div>\r\n\t    \t<\/div>\r\n\t\t    <\/div>\r\n\t    <!-- \/row_inner -->\r\n\t<\/div>\r\n\t<!-- \/module_row -->\r\n\t\t<!-- module_row -->\r\n\t<div  data-lazy=\"1\" class=\"module_row themify_builder_row tb_cbc9d93 tf_clearfix\">\r\n\t    \t\t<div class=\"row_inner col_align_top col-count-4 tf_box tf_w tf_rel\">\r\n\t\t\t<div  data-lazy=\"1\" class=\"module_column tb-column col4-1 first tb_c0c2981 tf_box\">\r\n\t\t\t    \t        <div class=\"tb-column-inner tf_box tf_w\">\r\n\t\t    <!-- module gallery -->\r\n<div  class=\"module gallery module-gallery tb_19a6cab layout-lightboxed bordered \" data-lazy=\"1\">\r\n    <h3 class=\"module-title\">M 1<br>Pendentif<\/h3>    <dl class=\"gallery-item tf_hidden\">\r\n                    <dt class=\"gallery-icon\">\r\n\t\t\t\t<a data-title=\"\" href=\"https:\/\/gloriaferester-bijoux.com\/wp-content\/uploads\/2019\/02\/masque-1-pendentif-1-wp.jpg\" title=\"Pendentif M 1\" data-rel=\"tb_19a6cab\" class=\"themify_lightbox\">\r\n\t\t\r\n\t\t<img loading=\"lazy\" src=\"https:\/\/gloriaferester-bijoux.com\/wp-content\/uploads\/2019\/02\/masque-1-pendentif-1-wp-180x250.jpg\" width=\"180\" height=\"250\" class=\"wp-post-image wp-image-330\" title=\"Pendentif M 1\" alt=\"Pendentif, laiton dor\u00e9, cornaline, jade, aragonite - H 46 cm \/ H m\u00e9daillon 12 cm \/ L m\u00e9daillon 9 cm\">\r\n\t\t            <\/a><\/dt>\r\n        \r\n        <dd>\r\n                                <\/dd>\r\n    <\/dl>\r\n\r\n<\/div>\r\n<!-- \/module gallery --><!-- module gallery -->\r\n<div  class=\"module gallery module-gallery tb_eacf619 layout-lightboxed bordered \" data-lazy=\"1\">\r\n    <h3 class=\"module-title\">M 5<br>Pendentif<\/h3>    <dl class=\"gallery-item tf_hidden\">\r\n                    <dt class=\"gallery-icon\">\r\n\t\t\t\t<a data-title=\"\" href=\"https:\/\/gloriaferester-bijoux.com\/wp-content\/uploads\/2021\/01\/colliers-africains-2-HD-scaled.jpg\" title=\"Collier M 5\" data-rel=\"tb_eacf619\" class=\"themify_lightbox\">\r\n\t\t\r\n\t\t<img loading=\"lazy\" src=\"https:\/\/gloriaferester-bijoux.com\/wp-content\/uploads\/2021\/01\/colliers-africains-2-HD-683x1024-180x250.jpg\" width=\"180\" height=\"250\" class=\"wp-post-image wp-image-1601\" title=\"Collier M 5\" alt=\"Collier M 5\" srcset=\"https:\/\/gloriaferester-bijoux.com\/wp-content\/uploads\/2021\/01\/colliers-africains-2-HD-683x1024-180x250.jpg 180w, https:\/\/gloriaferester-bijoux.com\/wp-content\/uploads\/2021\/01\/colliers-africains-2-HD-8x12.jpg 8w\" sizes=\"(max-width: 180px) 100vw, 180px\" \/>\r\n\t\t            <\/a><\/dt>\r\n        \r\n        <dd>\r\n                                <\/dd>\r\n    <\/dl>\r\n\r\n    <dl class=\"gallery-item\" style=\"display:none\">\r\n                    <dt class=\"gallery-icon\">\r\n\t\t\t\t<a data-title=\"\" href=\"https:\/\/gloriaferester-bijoux.com\/wp-content\/uploads\/2021\/01\/colliers-africains-1-HD-scaled.jpg\" title=\"Colliers en bronze dor\u00e9 et jaspe\" data-rel=\"tb_eacf619\" class=\"themify_lightbox\">\r\n\t\t\r\n\t\t1707\r\n\t\t            <\/a><\/dt>\r\n        \r\n        <dd>\r\n                                <\/dd>\r\n    <\/dl>\r\n\r\n<\/div>\r\n<!-- \/module gallery -->\t        <\/div>\r\n\t    \t<\/div>\r\n\t\t<div  data-lazy=\"1\" class=\"module_column tb-column col4-1 second tb_52aa1d6 tf_box\">\r\n\t\t\t    \t        <div class=\"tb-column-inner tf_box tf_w\">\r\n\t\t    <!-- module gallery -->\r\n<div  class=\"module gallery module-gallery tb_pwh6660 layout-lightboxed bordered \" data-lazy=\"1\">\r\n    <h3 class=\"module-title\">M 2<br>Pendentif<\/h3>    <dl class=\"gallery-item tf_hidden\">\r\n                    <dt class=\"gallery-icon\">\r\n\t\t\t\t<a data-title=\"\" href=\"https:\/\/gloriaferester-bijoux.com\/wp-content\/uploads\/2019\/02\/masque-2-pendentif-2-wp.jpg\" title=\"Pendentif M 2\" data-rel=\"tb_pwh6660\" class=\"themify_lightbox\">\r\n\t\t\r\n\t\t<img loading=\"lazy\" src=\"https:\/\/gloriaferester-bijoux.com\/wp-content\/uploads\/2019\/02\/masque-2-pendentif-2-wp-180x250.jpg\" width=\"180\" height=\"250\" class=\"wp-post-image wp-image-332\" title=\"Pendentif M 2\" alt=\"Pendentif M 2\">\r\n\t\t            <\/a><\/dt>\r\n        \r\n        <dd>\r\n                                <\/dd>\r\n    <\/dl>\r\n\r\n    <dl class=\"gallery-item\" style=\"display:none\">\r\n                    <dt class=\"gallery-icon\">\r\n\t\t\t\t<a data-title=\"\" href=\"https:\/\/gloriaferester-bijoux.com\/wp-content\/uploads\/2019\/02\/masque-2-pendentif-1-wp.jpg\" title=\"Pendentif, laiton dor\u00e9, agate, citrine, corail, tourmaline, p\u00e9talite - H 46 cm \/ H m\u00e9daillon 12 cm \/ L m\u00e9daillon 4 cm\" data-rel=\"tb_pwh6660\" class=\"themify_lightbox\">\r\n\t\t\r\n\t\t378\r\n\t\t            <\/a><\/dt>\r\n        \r\n        <dd>\r\n                                <\/dd>\r\n    <\/dl>\r\n\r\n<\/div>\r\n<!-- \/module gallery -->\t        <\/div>\r\n\t    \t<\/div>\r\n\t\t<div  data-lazy=\"1\" class=\"module_column tb-column col4-1 third tb_9be4a0b tf_box\">\r\n\t\t\t    \t        <div class=\"tb-column-inner tf_box tf_w\">\r\n\t\t    <!-- module gallery -->\r\n<div  class=\"module gallery module-gallery tb_gffy646 layout-lightboxed bordered \" data-lazy=\"1\">\r\n    <h3 class=\"module-title\">M 3<br>Pendentif<\/h3>    <dl class=\"gallery-item tf_hidden\">\r\n                    <dt class=\"gallery-icon\">\r\n\t\t\t\t<a data-title=\"\" href=\"https:\/\/gloriaferester-bijoux.com\/wp-content\/uploads\/2019\/02\/masque-3-pendentif-1_wp.jpg\" title=\"Pendentif M 3\" data-rel=\"tb_gffy646\" class=\"themify_lightbox\">\r\n\t\t\r\n\t\t<img loading=\"lazy\" src=\"https:\/\/gloriaferester-bijoux.com\/wp-content\/uploads\/2019\/02\/masque-3-pendentif-1_wp-180x250.jpg\" width=\"180\" height=\"250\" class=\"wp-post-image wp-image-333\" title=\"Pendentif M 3\" alt=\"Pendentif, laiton dor\u00e9 - H 49 cm \/ H m\u00e9daillon 11 cm \/ L m\u00e9daillon 10 cm\">\r\n\t\t            <\/a><\/dt>\r\n        \r\n        <dd>\r\n                                <\/dd>\r\n    <\/dl>\r\n\r\n<\/div>\r\n<!-- \/module gallery -->\t        <\/div>\r\n\t    \t<\/div>\r\n\t\t<div  data-lazy=\"1\" class=\"module_column tb-column col4-1 last tb_0d9cdc7 tf_box\">\r\n\t\t\t    \t        <div class=\"tb-column-inner tf_box tf_w\">\r\n\t\t    <!-- module gallery -->\r\n<div  class=\"module gallery module-gallery tb_ylld460 layout-lightboxed bordered \" data-lazy=\"1\">\r\n    <h3 class=\"module-title\">M 4<br>Broche<\/h3>    <dl class=\"gallery-item tf_hidden\">\r\n                    <dt class=\"gallery-icon\">\r\n\t\t\t\t<a data-title=\"\" href=\"https:\/\/gloriaferester-bijoux.com\/wp-content\/uploads\/2019\/02\/masque-4-broche-1_modifi\u00e9-1.jpg\" title=\"Broche M 4\" data-rel=\"tb_ylld460\" class=\"themify_lightbox\">\r\n\t\t\r\n\t\t<img loading=\"lazy\" src=\"https:\/\/gloriaferester-bijoux.com\/wp-content\/uploads\/2019\/02\/masque-4-broche-1_modifi\u00e9-1-180x250.jpg\" width=\"180\" height=\"250\" class=\"wp-post-image wp-image-334\" title=\"Broche M 4\" alt=\"Petite broche, argent, \u00e9meraude - H 2,5 cm \/ L 2 cm\">\r\n\t\t            <\/a><\/dt>\r\n        \r\n        <dd>\r\n                                <\/dd>\r\n    <\/dl>\r\n\r\n<\/div>\r\n<!-- \/module gallery -->\t        <\/div>\r\n\t    \t<\/div>\r\n\t\t    <\/div>\r\n\t    <!-- \/row_inner -->\r\n\t<\/div>\r\n\t<!-- \/module_row -->\r\n\t\t<!-- module_row -->\r\n\t<div  data-lazy=\"1\" class=\"module_row themify_builder_row repeat tb_4lza601 tf_clearfix\" >\r\n\t    \t\t<div class=\"row_inner col_align_top col-count-2 tf_box tf_w tf_rel\">\r\n\t\t\t<div  data-lazy=\"1\" class=\"module_column tb-column col4-2 first tb_9pdy560 tf_box\">\r\n\t\t\t    \t        <div class=\"tb-column-inner tf_box tf_w\">\r\n\t\t    <!-- module buttons -->\r\n<div  class=\"module module-buttons tb_0a337f2 buttons-horizontal solid  xlarge rounded\" data-lazy=\"1\">\r\n    \t<div class=\"module-buttons-item tf_inline_b\">\r\n\t\t\t\t\t\t\t<a href=\"https:\/\/gloriaferester-bijoux.com\/bijoux-poemes\/\" class=\"ui builder_button transparent\" >\r\n\t\t\t\t\t\t\t\t\t\t\t<span class=\"tf_inline_b tf_vmiddle\">Collection pr\u00e9c\u00e9dente<\/span>\r\n\t\t\t\t\t\t\t\t\t\t\t<\/a>\r\n\t\t\t    \t<\/div>\r\n\t<\/div>\r\n<!-- \/module buttons -->\r\n\t        <\/div>\r\n\t    \t<\/div>\r\n\t\t<div  data-lazy=\"1\" class=\"module_column tb-column col4-2 last tb_e71281d tf_box\">\r\n\t\t\t    \t        <div class=\"tb-column-inner tf_box tf_w\">\r\n\t\t    <!-- module buttons -->\r\n<div  class=\"module module-buttons tb_k28n170 buttons-horizontal solid  xlarge rounded\" data-lazy=\"1\">\r\n    \t<div class=\"module-buttons-item tf_inline_b\">\r\n\t\t\t\t\t\t\t<a href=\"https:\/\/gloriaferester-bijoux.com\/incursions-textiles\/\" class=\"ui builder_button transparent\" >\r\n\t\t\t\t\t\t\t\t\t\t\t<span class=\"tf_inline_b tf_vmiddle\">Collection suivante<\/span>\r\n\t\t\t\t\t\t\t\t\t\t\t<\/a>\r\n\t\t\t    \t<\/div>\r\n\t<\/div>\r\n<!-- \/module buttons -->\r\n\t        <\/div>\r\n\t    \t<\/div>\r\n\t\t    <\/div>\r\n\t    <!-- \/row_inner -->\r\n\t<\/div>\r\n\t<!-- \/module_row -->\r\n\t<\/div>\r\n<!--\/themify_builder_content-->\r\n<\/p>\n<p>&nbsp;<\/p>","protected":false},"excerpt":{"rendered":"<p>\u00a0\u00a0\u00a0\u00a0\u00a0 \u00ab\u00a0 Des \u00eatres aussi bien que des choses, nous ne poss\u00e9dons jamais que les apparences et les reflets. Tout n\u2019est-il pas que masques et miroirs\u00a0?\u00a0\u00bb . Henri de R\u00e9gnier \u00a0\u00a0\u00a0\u00a0\u00a0 Le masque est un objet \u00e9nigmatique par excellence, empreint \u00e0 la fois de l\u00a0\u00bbinqui\u00e9tante \u00e9tranget\u00e9\u00a0\u00bb d\u2019une feinte du visage et du jeu sur les [&hellip;]<\/p>\n","protected":false},"author":1,"featured_media":0,"parent":0,"menu_order":0,"comment_status":"closed","ping_status":"closed","template":"","meta":{"_mi_skip_tracking":false},"yoast_head":"<!-- This site is optimized with the Yoast SEO plugin v15.7 - https:\/\/yoast.com\/wordpress\/plugins\/seo\/ -->\n<title>Bijoux de cr\u00e9ateur - Masques - Gloria Ferester Paris<\/title>\n<meta name=\"description\" content=\"Le masque, tr\u00e8s \u00e0 la mode dans la sculpture et les arts d\u00e9coratifs du 19\u00e8me et 20\u00e8me s.,est trait\u00e9 ici comme un accessoire pr\u00e9cieux devenu bijou.\" \/>\n<meta name=\"robots\" content=\"index, follow, max-snippet:-1, max-image-preview:large, max-video-preview:-1\" \/>\n<link rel=\"canonical\" href=\"http:\/\/gloriaferester-bijoux.com\/fr_fr\/masques\/\" \/>\n<meta property=\"og:locale\" content=\"fr_FR\" \/>\n<meta property=\"og:type\" content=\"article\" \/>\n<meta property=\"og:title\" content=\"Bijoux de cr\u00e9ateur - Masques - Gloria Ferester Paris\" \/>\n<meta property=\"og:description\" content=\"Le masque, tr\u00e8s \u00e0 la mode dans la sculpture et les arts d\u00e9coratifs du 19\u00e8me et 20\u00e8me s.,est trait\u00e9 ici comme un accessoire pr\u00e9cieux devenu bijou.\" \/>\n<meta property=\"og:url\" content=\"http:\/\/gloriaferester-bijoux.com\/fr_fr\/masques\/\" \/>\n<meta property=\"og:site_name\" content=\"Gloria Ferester\" \/>\n<meta property=\"article:modified_time\" content=\"2021-02-03T17:01:54+00:00\" \/>\n<meta property=\"og:image\" content=\"http:\/\/gloriaferester-bijoux.com\/wp-content\/uploads\/2019\/02\/masque-1-pendentif-1-wp-150x150.jpg\" \/>\n<meta name=\"twitter:card\" content=\"summary_large_image\" \/>\n<meta name=\"twitter:label1\" content=\"Dur\u00e9e de lecture est.\">\n\t<meta name=\"twitter:data1\" content=\"1 minute\">\n<script type=\"application\/ld+json\" class=\"yoast-schema-graph\">{\"@context\":\"https:\/\/schema.org\",\"@graph\":[{\"@type\":[\"Person\",\"Organization\"],\"@id\":\"https:\/\/gloriaferester-bijoux.com\/fr_fr\/#\/schema\/person\/9a3539945155c01c675c002d369a6264\",\"name\":\"admin7742\",\"image\":{\"@type\":\"ImageObject\",\"@id\":\"https:\/\/gloriaferester-bijoux.com\/fr_fr\/#personlogo\",\"inLanguage\":\"fr-FR\",\"url\":\"https:\/\/secure.gravatar.com\/avatar\/2fcb8e48a746c7cf58fc7f685b3968bb?s=96&d=mm&r=g\",\"caption\":\"admin7742\"},\"logo\":{\"@id\":\"https:\/\/gloriaferester-bijoux.com\/fr_fr\/#personlogo\"}},{\"@type\":\"WebSite\",\"@id\":\"https:\/\/gloriaferester-bijoux.com\/fr_fr\/#website\",\"url\":\"https:\/\/gloriaferester-bijoux.com\/fr_fr\/\",\"name\":\"Gloria Ferester\",\"description\":\"Paris\",\"publisher\":{\"@id\":\"https:\/\/gloriaferester-bijoux.com\/fr_fr\/#\/schema\/person\/9a3539945155c01c675c002d369a6264\"},\"potentialAction\":[{\"@type\":\"SearchAction\",\"target\":\"https:\/\/gloriaferester-bijoux.com\/fr_fr\/?s={search_term_string}\",\"query-input\":\"required name=search_term_string\"}],\"inLanguage\":\"fr-FR\"},{\"@type\":\"WebPage\",\"@id\":\"http:\/\/gloriaferester-bijoux.com\/en\/masques\/#webpage\",\"url\":\"http:\/\/gloriaferester-bijoux.com\/en\/masques\/\",\"name\":\"Bijoux de cr\\u00e9ateur - Masques - Gloria Ferester Paris\",\"isPartOf\":{\"@id\":\"https:\/\/gloriaferester-bijoux.com\/fr_fr\/#website\"},\"datePublished\":\"2019-02-28T11:02:04+00:00\",\"dateModified\":\"2021-02-03T17:01:54+00:00\",\"description\":\"Le masque, tr\\u00e8s \\u00e0 la mode dans la sculpture et les arts d\\u00e9coratifs du 19\\u00e8me et 20\\u00e8me s.,est trait\\u00e9 ici comme un accessoire pr\\u00e9cieux devenu bijou.\",\"breadcrumb\":{\"@id\":\"http:\/\/gloriaferester-bijoux.com\/en\/masques\/#breadcrumb\"},\"inLanguage\":\"fr-FR\",\"potentialAction\":[{\"@type\":\"ReadAction\",\"target\":[\"http:\/\/gloriaferester-bijoux.com\/en\/masques\/\"]}]},{\"@type\":\"BreadcrumbList\",\"@id\":\"http:\/\/gloriaferester-bijoux.com\/en\/masques\/#breadcrumb\",\"itemListElement\":[{\"@type\":\"ListItem\",\"position\":1,\"item\":{\"@type\":\"WebPage\",\"@id\":\"https:\/\/gloriaferester-bijoux.com\/fr_fr\/\",\"url\":\"https:\/\/gloriaferester-bijoux.com\/fr_fr\/\",\"name\":\"Accueil\"}},{\"@type\":\"ListItem\",\"position\":2,\"item\":{\"@type\":\"WebPage\",\"@id\":\"http:\/\/gloriaferester-bijoux.com\/en\/masques\/\",\"url\":\"http:\/\/gloriaferester-bijoux.com\/en\/masques\/\",\"name\":\"Masques\"}}]}]}<\/script>\n<!-- \/ Yoast SEO plugin. -->","builder_content":"<p><em>\u00a0\u00a0\u00a0\u00a0\u00a0 \u00ab\u00a0 Des \u00eatres aussi bien que des choses, nous ne poss\u00e9dons jamais que les apparences et les reflets. Tout n\u2019est-il pas que masques et miroirs\u00a0?\u00a0\u00bb . Henri de R\u00e9gnier<\/em><\/p> <p>\u00a0\u00a0\u00a0\u00a0\u00a0 Le masque est un objet \u00e9nigmatique par excellence, empreint \u00e0 la fois de l\u00a0\u00bbinqui\u00e9tante \u00e9tranget\u00e9\u00a0\u00bb d\u2019une feinte du visage et du jeu sur les apparences. Objet de m\u00e9tamorphose destin\u00e9 \u00e0 dissimuler le visage \u00e0 des fins cosmogoniques, religieuses ou th\u00e9\u00e2trales dans les soci\u00e9t\u00e9s anciennes, le masque connut en Europe, notamment en France, un renouveau et un succ\u00e8s consid\u00e9rable \u00e0 la fin du XIX\u00e9me si\u00e8cle et au d\u00e9but du XX\u00e9me si\u00e8cle dans la sculpture et les arts d\u00e9coratifs. Ce dialogue des arts avec le masque se r\u00e9v\u00e8le ici sous un aspect pr\u00e9cieux et sans autre pr\u00e9tention que celle de capter un regard s\u00e9duit par un accessoire devenu bijou.<\/p>\n<h3>M 1<br>Pendentif<\/h3>[gallery ids=\"330\"]\n<h3>M 5<br>Pendentif<\/h3>[gallery ids=\"1601,1600\"]\n<h3>M 2<br>Pendentif<\/h3>[gallery ids=\"332,331\"]\n<h3>M 3<br>Pendentif<\/h3>[gallery ids=\"333\"]\n<h3>M 4<br>Broche<\/h3>[gallery ids=\"334\"]\n<a href=\"https:\/\/gloriaferester-bijoux.com\/bijoux-poemes\/\" >\n Collection pr\u00e9c\u00e9dente\n <\/a>\n<a href=\"https:\/\/gloriaferester-bijoux.com\/incursions-textiles\/\" >\n Collection suivante\n <\/a>","_links":{"self":[{"href":"https:\/\/gloriaferester-bijoux.com\/fr_fr\/wp-json\/wp\/v2\/pages\/236"}],"collection":[{"href":"https:\/\/gloriaferester-bijoux.com\/fr_fr\/wp-json\/wp\/v2\/pages"}],"about":[{"href":"https:\/\/gloriaferester-bijoux.com\/fr_fr\/wp-json\/wp\/v2\/types\/page"}],"author":[{"embeddable":true,"href":"https:\/\/gloriaferester-bijoux.com\/fr_fr\/wp-json\/wp\/v2\/users\/1"}],"replies":[{"embeddable":true,"href":"https:\/\/gloriaferester-bijoux.com\/fr_fr\/wp-json\/wp\/v2\/comments?post=236"}],"version-history":[{"count":25,"href":"https:\/\/gloriaferester-bijoux.com\/fr_fr\/wp-json\/wp\/v2\/pages\/236\/revisions"}],"predecessor-version":[{"id":1791,"href":"https:\/\/gloriaferester-bijoux.com\/fr_fr\/wp-json\/wp\/v2\/pages\/236\/revisions\/1791"}],"wp:attachment":[{"href":"https:\/\/gloriaferester-bijoux.com\/fr_fr\/wp-json\/wp\/v2\/media?parent=236"}],"curies":[{"name":"wp","href":"https:\/\/api.w.org\/{rel}","templated":true}]}}