{"id":825,"date":"2019-04-10T12:28:55","date_gmt":"2019-04-10T10:28:55","guid":{"rendered":"http:\/\/gloriaferester-bijoux.com\/?page_id=825"},"modified":"2020-12-08T10:34:37","modified_gmt":"2020-12-08T09:34:37","slug":"politique-de-confidentialite","status":"publish","type":"page","link":"https:\/\/gloriaferester-bijoux.com\/en\/politique-de-confidentialite\/","title":{"rendered":"Privacy policy"},"content":{"rendered":"<!--themify_builder_content-->\r\n<div id=\"themify_builder_content-825\" data-postid=\"825\" class=\"themify_builder_content themify_builder_content-825 themify_builder tf_clear\">\r\n    \t<!-- module_row -->\r\n\t<div  data-lazy=\"1\" class=\"module_row themify_builder_row tb_4ab0003 tb_first tf_clearfix\">\r\n\t    \t\t<div class=\"row_inner col_align_top col-count-1 tf_box tf_w tf_rel\">\r\n\t\t\t<div  data-lazy=\"1\" class=\"module_column tb-column col-full first tb_f2f5a02 tf_box\">\r\n\t\t\t    \t        <div class=\"tb-column-inner tf_box tf_w\">\r\n\t\t    <!-- module text -->\r\n<div  class=\"module module-text tb_1d187cf  repeat\" data-lazy=\"1\">\r\n        <div  class=\"tb_text_wrap\">\r\n    <h4>The policy set out below applies to the processing of personal data by Gloria Ferester (hereinafter referred to as the controller).<\/h4>\n<h4><strong>1 - GENERAL  RULES<\/strong><\/h4>\n<h4>The following rules apply to all processing of personal data by the controller, unless otherwise specified in the specific provisions.<\/h4>\n<h4><strong>&gt; Cadre juridique \u2013 conformit\u00e9 au RGPD et \u00e0 la loi fran\u00e7aise<\/strong><\/h4>\n<h4>The controller declares that she processes personal data in accordance with Regulation (EU) 2016\/679 of the European Parliament and of the Council of 27 April 2016 on the protection of individuals with regard to the processing of personal data and on the free movement of such data (hereinafter referred to as the DGPS) and French Law No 78-17 of 6 January 1978 on data processing, files and freedoms (amended).<\/h4>\n<h4><strong>&gt; Responsable du traitement et autres intervenants<\/strong><\/h4>\n<h4>The controller is identified above. His contact details are: Gloria Ferester can be reached at gloriaferester@gmail.com for the website www.gloriaferester-bijoux.com<\/h4>\n<h4><strong>&gt; Destinataires des donn\u00e9es \u00e0 caract\u00e8re personnel<\/strong><\/h4>\n<h4>The recipient of the data is Gloria Ferester.<\/h4>\n<h4><strong>&gt; Transfert de donn\u00e9es<\/strong><\/h4>\n<h4>The controller does not intend to transfer personal data to a third country or to an international organization.<\/h4>\n<h4><strong>&gt; Dur\u00e9e de conservation des donn\u00e9es\u00a0\u00e0 caract\u00e8re personnel<\/strong><\/h4>\n<h4>The data will be kept for 48 hours.<\/h4>\n<h4><strong>&gt; Droits de la personne dont les donn\u00e9es sont collect\u00e9es<\/strong><\/h4>\n<h4>The person whose personal data are collected has the right:<\/h4>\n<h4>- to request the controller to grant access to personal data, to rectify or delete them, or to limit the processing of the data relating to the data subject,<\/h4>\n<h4>- to oppose the processing,<\/h4>\n<h4>- the portability of its data,<\/h4>\n<h4>- to file a complaint with a supervisory authority,<\/h4>\n<h4>- to withdraw its consent at any time, without prejudice to the lawfulness of the processing operation based on the consent given prior to its withdrawal, which right exists exclusively where the processing operation is based on Article 6(1)(a) or Article 9(2)(a) of the DGPS, i.e. on the data subject's consent to the processing of his\/her personal data for one or more specific purposes.<\/h4>\n<h4><strong>&gt; Prise de d\u00e9cision automatis\u00e9e \u2013 profilage<\/strong><\/h4>\n<h4>Unless otherwise stated in the specific provisions<strong>:<\/strong>\u00a0no profiling will be carried out and more generally no automated decisions will be taken on the basis of the data collected<strong>\u00a0.<\/strong><\/h4>\n<h4><strong>2 - SPECIFIC RULES<\/strong><\/h4>\n<h4>The following rules are specific to each type of personal data processing.<\/h4>\n<h4><strong>&gt; Gestion de la relation avec nos contacts et prospects<\/strong><\/h4>\n<h4>Personal data processed - We process the following personal data <strong>:<\/strong>title, first name, surname, telephone number, e-mail address, postal address.<\/h4>\n<h4>Purposes - The processing of personal data is intended for the management of the relationship with our contacts and prospects. In particular, this processing tends to provide the data subject with information on the latest news about our products and services.<\/h4>\n<h4>Legal basis - This processing of personal data is based on the consent of the data subject (Article 6(1)(a) of the DGPS). The data request is of a contractual nature. The data subject is not required to provide these data. If the data subject does not provide the data or withdraws his or her consent to the processing of data, he or she will not be able to receive information on the latest news about our products and services].<strong>]<\/strong>.<\/h4>\n<h4><strong>&gt; Analyse et am\u00e9lioration de nos produits et services<\/strong><\/h4>\n<h4>Personal data processed - We process the following data: location, type of page visited.<\/h4>\n<h4>Purposes - This processing is used for the purposes of analysis and statistical study of the use of our website and products.<\/h4>\n<h4>Legal basis - The processing is necessary for the legitimate interests we pursue, namely to improve and optimize products and services. It is based on Article 6(1)(f) of the DGPS. The data request is of a contractual nature. The data subject is not required to provide these data and may object at any time to their processing.\u00a0<\/h4>\n<h4><strong>&gt; Utilisation de Google Analytics\u00a0<\/strong><\/h4>\n<h4>Personal data processed - Google processes the data mentioned in its privacy policy (<a href=\"https:\/\/support.google.com\/analytics\/answer\/6004245?hl=en\" rel=\"nofollow\">https:\/\/support.google.com\/analytics\/answer\/6004245?hl=en<\/a>\u00a0\/ https:\/\/policies.google.com\/privacy?hl=en#infocollect). This data includes the IP address of the devices used to access the site.<\/h4>\n<h4>Purposes - This processing is used for the purposes of analysis and statistical study of the use of our site.<\/h4>\n<h4>Legal basis - The processing is necessary for the purposes of the legitimate interests we pursue, namely to improve and optimize our website for the benefit of users. It is based on Article 6(1)(f) of the DGPS. The data request is of a contractual nature. The data subject is not required to provide these data and may object at any time to their processing. In order to prevent the collection of data relating to the use of the website and the processing of this data by Google, the data subject must comply with Google's instructions: http:\/\/tools.google.com\/dlpage\/gaoptout.<\/h4>\n<h4><strong>&gt; Messages marketing et publicitaires<\/strong><\/h4>\n<h4>Personal data processed - We process the following data: surname, first name, information on open messages and followed links (including the date and time of the consultation).<strong>]<\/strong>.<\/h4>\n<h4>Purposes - The processing is intended to improve our communication and to send you relevant content at appropriate times.<\/h4>\n<h4>Legal basis - The processing operation is based on the data subject's consent (Article 6(1)(a) of the DGPS) and is necessary for the legitimate interests we pursue, namely to improve our communication and to avoid sending inappropriate communications (Article 6(1)(f) of the DGPS). The data request is of a contractual nature. The data subject is not required to provide these data and may object at any time to their processing. If the data subject does not provide the data or withdraws his consent to the processing of data, he will not be able <strong>\u00a0<\/strong>to receive appropriate communications.<strong>]<\/strong>.<\/h4>\n<h4><strong>&gt; S\u00e9curit\u00e9 et pr\u00e9vention des activit\u00e9s illicites<\/strong><\/h4>\n<h4>Personal data processed - We process the following data: title, surname, first name, e-mail address and postal address.<\/h4>\n<h4>Purposes - The processing is intended to ensure the security of our products and services and to prevent illegal activities in connection with our products and services.<\/h4>\n<h4>Legal basis - This processing is necessary for compliance with the legal obligations to which the controller is subject (Article 6(1)(c) of the DGPS) and is necessary for the legitimate interests we pursue, namely to ensure the security of our products and services and to prevent illegal activities (Article 6(1)(f) of the DGPS). The data request complies with applicable laws and regulations. The data subject is required to provide this data if he or she wishes to benefit from our products and services. If the data subject does not provide the data, he\/she will not be able to claim any information.<\/h4>    <\/div>\r\n<\/div>\r\n<!-- \/module text -->\t        <\/div>\r\n\t    \t<\/div>\r\n\t\t    <\/div>\r\n\t    <!-- \/row_inner -->\r\n\t<\/div>\r\n\t<!-- \/module_row -->\r\n\t<\/div>\r\n<!--\/themify_builder_content-->\r\n<\/p>","protected":false},"excerpt":{"rendered":"<p>La politique \u00e9nonc\u00e9e ci-apr\u00e8s s\u2019applique aux traitements de donn\u00e9es personnelles effectu\u00e9s par Gloria Ferester\u00a0(ci-apr\u00e8s d\u00e9sign\u00e9 le responsable du traitement). 1 \u2013 DISPOSITIONS GENERALES Les dispositions qui suivent concernent tous les traitements de donn\u00e9es personnelles effectu\u00e9s par le responsable du traitement, sauf mention contraire dans les dispositions sp\u00e9cifiques. &gt; Cadre juridique \u2013 conformit\u00e9 au RGPD et [&hellip;]<\/p>","protected":false},"author":1,"featured_media":0,"parent":0,"menu_order":0,"comment_status":"closed","ping_status":"closed","template":"","meta":{"_mi_skip_tracking":false},"yoast_head":"<!-- This site is optimized with the Yoast SEO plugin v15.7 - https:\/\/yoast.com\/wordpress\/plugins\/seo\/ -->\n<title>Politique de confidentialit\u00e9 - Gloria Ferester<\/title>\n<meta name=\"robots\" content=\"index, follow, max-snippet:-1, max-image-preview:large, max-video-preview:-1\" \/>\n<link rel=\"canonical\" href=\"http:\/\/gloriaferester-bijoux.com\/en\/politique-de-confidentialite\/\" \/>\n<meta property=\"og:locale\" content=\"en_GB\" \/>\n<meta property=\"og:type\" content=\"article\" \/>\n<meta property=\"og:title\" content=\"Politique de confidentialit\u00e9 - Gloria Ferester\" \/>\n<meta property=\"og:description\" content=\"La politique \u00e9nonc\u00e9e ci-apr\u00e8s s\u2019applique aux traitements de donn\u00e9es personnelles effectu\u00e9s par Gloria Ferester\u00a0(ci-apr\u00e8s d\u00e9sign\u00e9 le responsable du traitement). 1 \u2013 DISPOSITIONS GENERALES Les dispositions qui suivent concernent tous les traitements de donn\u00e9es personnelles effectu\u00e9s par le responsable du traitement, sauf mention contraire dans les dispositions sp\u00e9cifiques. &gt; Cadre juridique \u2013 conformit\u00e9 au RGPD et [&hellip;]\" \/>\n<meta property=\"og:url\" content=\"http:\/\/gloriaferester-bijoux.com\/en\/politique-de-confidentialite\/\" \/>\n<meta property=\"og:site_name\" content=\"Gloria Ferester\" \/>\n<meta property=\"article:modified_time\" content=\"2020-12-08T09:34:37+00:00\" \/>\n<meta name=\"twitter:card\" content=\"summary_large_image\" \/>\n<meta name=\"twitter:label1\" content=\"Estimated reading time\">\n\t<meta name=\"twitter:data1\" content=\"6 minutes\">\n<script type=\"application\/ld+json\" class=\"yoast-schema-graph\">{\"@context\":\"https:\/\/schema.org\",\"@graph\":[{\"@type\":[\"Person\",\"Organization\"],\"@id\":\"https:\/\/gloriaferester-bijoux.com\/fr_fr\/#\/schema\/person\/9a3539945155c01c675c002d369a6264\",\"name\":\"admin7742\",\"image\":{\"@type\":\"ImageObject\",\"@id\":\"https:\/\/gloriaferester-bijoux.com\/fr_fr\/#personlogo\",\"inLanguage\":\"en-GB\",\"url\":\"https:\/\/secure.gravatar.com\/avatar\/2fcb8e48a746c7cf58fc7f685b3968bb?s=96&d=mm&r=g\",\"caption\":\"admin7742\"},\"logo\":{\"@id\":\"https:\/\/gloriaferester-bijoux.com\/fr_fr\/#personlogo\"}},{\"@type\":\"WebSite\",\"@id\":\"https:\/\/gloriaferester-bijoux.com\/fr_fr\/#website\",\"url\":\"https:\/\/gloriaferester-bijoux.com\/fr_fr\/\",\"name\":\"Gloria Ferester\",\"description\":\"Paris\",\"publisher\":{\"@id\":\"https:\/\/gloriaferester-bijoux.com\/fr_fr\/#\/schema\/person\/9a3539945155c01c675c002d369a6264\"},\"potentialAction\":[{\"@type\":\"SearchAction\",\"target\":\"https:\/\/gloriaferester-bijoux.com\/fr_fr\/?s={search_term_string}\",\"query-input\":\"required name=search_term_string\"}],\"inLanguage\":\"en-GB\"},{\"@type\":\"WebPage\",\"@id\":\"http:\/\/gloriaferester-bijoux.com\/en\/politique-de-confidentialite\/#webpage\",\"url\":\"http:\/\/gloriaferester-bijoux.com\/en\/politique-de-confidentialite\/\",\"name\":\"Politique de confidentialit\\u00e9 - Gloria Ferester\",\"isPartOf\":{\"@id\":\"https:\/\/gloriaferester-bijoux.com\/fr_fr\/#website\"},\"datePublished\":\"2019-04-10T10:28:55+00:00\",\"dateModified\":\"2020-12-08T09:34:37+00:00\",\"breadcrumb\":{\"@id\":\"http:\/\/gloriaferester-bijoux.com\/en\/politique-de-confidentialite\/#breadcrumb\"},\"inLanguage\":\"en-GB\",\"potentialAction\":[{\"@type\":\"ReadAction\",\"target\":[\"http:\/\/gloriaferester-bijoux.com\/en\/politique-de-confidentialite\/\"]}]},{\"@type\":\"BreadcrumbList\",\"@id\":\"http:\/\/gloriaferester-bijoux.com\/en\/politique-de-confidentialite\/#breadcrumb\",\"itemListElement\":[{\"@type\":\"ListItem\",\"position\":1,\"item\":{\"@type\":\"WebPage\",\"@id\":\"https:\/\/gloriaferester-bijoux.com\/fr_fr\/\",\"url\":\"https:\/\/gloriaferester-bijoux.com\/fr_fr\/\",\"name\":\"Accueil\"}},{\"@type\":\"ListItem\",\"position\":2,\"item\":{\"@type\":\"WebPage\",\"@id\":\"http:\/\/gloriaferester-bijoux.com\/en\/politique-de-confidentialite\/\",\"url\":\"http:\/\/gloriaferester-bijoux.com\/en\/politique-de-confidentialite\/\",\"name\":\"Politique de confidentialit\\u00e9\"}}]}]}<\/script>\n<!-- \/ Yoast SEO plugin. -->","builder_content":"<h4>La politique \u00e9nonc\u00e9e ci-apr\u00e8s s\u2019applique aux traitements de donn\u00e9es personnelles effectu\u00e9s par Gloria Ferester\u00a0(ci-apr\u00e8s d\u00e9sign\u00e9 le responsable du traitement).<\/h4> <h4><strong>1 \u2013 DISPOSITIONS GENERALES<\/strong><\/h4> <h4>Les dispositions qui suivent concernent tous les traitements de donn\u00e9es personnelles effectu\u00e9s par le responsable du traitement, sauf mention contraire dans les dispositions sp\u00e9cifiques.<\/h4> <h4><strong>&gt; Cadre juridique \u2013 conformit\u00e9 au RGPD et \u00e0 la loi fran\u00e7aise<\/strong><\/h4> <h4>Le responsable du traitement d\u00e9clare qu\u2019il effectue des traitements de donn\u00e9es personnelles conform\u00e9ment au\u00a0r\u00e8glement (UE) 2016\/679 du Parlement europ\u00e9en et du Conseil du 27 avril 2016, relatif \u00e0 la protection des personnes physiques \u00e0 l\u2019\u00e9gard du traitement des donn\u00e9es \u00e0 caract\u00e8re personnel et \u00e0 la libre circulation de ces donn\u00e9es (ci-apr\u00e8s d\u00e9sign\u00e9 le RGPD) et \u00e0 loi fran\u00e7aise n\u00b0 78-17 du 6 janvier 1978 relative \u00e0 l\u2019informatique, aux fichiers et aux libert\u00e9s (modifi\u00e9e).<\/h4> <h4><strong>&gt; Responsable du traitement et autres intervenants<\/strong><\/h4> <h4>Le responsable du traitement est identifi\u00e9 ci-dessus.\u00a0Ses coordonn\u00e9es sont : Gloria Ferester joignable \u00e0 gloriaferester@gmail.com pour le site www.gloriaferester-bijoux.com .<\/h4> <h4><strong>&gt; Destinataires des donn\u00e9es \u00e0 caract\u00e8re personnel<\/strong><\/h4> <h4>La destinataire des donn\u00e9es est Gloria Ferester .<\/h4> <h4><strong>&gt; Transfert de donn\u00e9es<\/strong><\/h4> <h4>Le responsable du traitement \u00a0n\u2019a pas\u00a0\u00a0l\u2019intention d\u2019effectuer un transfert de donn\u00e9es \u00e0 caract\u00e8re personnel vers un pays tiers ou \u00e0 une organisation internationale.<\/h4> <h4><strong>&gt; Dur\u00e9e de conservation des donn\u00e9es\u00a0\u00e0 caract\u00e8re personnel<\/strong><\/h4> <h4>Les donn\u00e9es seront conserv\u00e9es 48 heures .<\/h4> <h4><strong>&gt; Droits de la personne dont les donn\u00e9es sont collect\u00e9es<\/strong><\/h4> <h4>La personne dont les donn\u00e9es personnelles sont collect\u00e9es a le\u00a0droit :<\/h4> <h4>\u2013 de demander au responsable du traitement l\u2019acc\u00e8s aux donn\u00e9es \u00e0 caract\u00e8re personnel, la rectifi\u00adcation ou l\u2019effacement de celles-ci, ou une limitation du traitement relatif \u00e0 la personne concern\u00e9e,<\/h4> <h4>\u2013 de s\u2019opposer au traitement,<\/h4> <h4>\u2013 \u00e0 la portabilit\u00e9 de ses donn\u00e9es,<\/h4> <h4>\u2013\u00a0d\u2019introduire une r\u00e9clamation aupr\u00e8s d\u2019une autorit\u00e9 de contr\u00f4le,<\/h4> <h4>\u2013 de retirer son consentement \u00e0 tout moment, sans porter atteinte \u00e0 la lic\u00e9it\u00e9 du traitement fond\u00e9 sur le consentement effectu\u00e9 avant le retrait de celui-ci, ce droit existant exclusivement lorsque le traitement est fond\u00e9 sur l\u2019article 6, paragraphe 1, point a), ou sur l\u2019article 9, paragraphe 2, point a) du RGPD, c\u2019est-\u00e0-dire sur le consentement de\u00a0la personne concern\u00e9e au traitement de ses donn\u00e9es \u00e0 caract\u00e8re personnel pour une ou plusieurs finalit\u00e9s sp\u00e9cifiques.<\/h4> <h4><strong>&gt; Prise de d\u00e9cision automatis\u00e9e \u2013 profilage<\/strong><\/h4> <h4>Sauf mention contraire dans les dispositions sp\u00e9cifiques<strong>:<\/strong>\u00a0aucun profilage ne sera r\u00e9alis\u00e9 et plus g\u00e9n\u00e9ralement aucune d\u00e9cision automatis\u00e9e ne sera prise sur la base des donn\u00e9es collect\u00e9es<strong>\u00a0.<\/strong><\/h4> <h4><strong>2 \u2013 DISPOSITIONS SPECIFIQUES<\/strong><\/h4> <h4>Les dispositions qui suivent sont sp\u00e9cifiques \u00e0 chaque type de traitement de donn\u00e9es personnelles.<\/h4> <h4><strong>&gt; Gestion de la relation avec nos contacts et prospects<\/strong><\/h4> <h4>Donn\u00e9es personnelles trait\u00e9es \u2013 Nous traitons les donn\u00e9es personnelles suivantes <strong>:<\/strong>civilit\u00e9, pr\u00e9nom, nom, coordonn\u00e9es t\u00e9l\u00e9phoniques, adresse \u00e9lectronique, adresse postale.<\/h4> <h4>Finalit\u00e9s \u2013 Le traitement de donn\u00e9es personnelles est destin\u00e9 \u00e0 la gestion de la relation avec nos contacts et prospects. En particulier, ce traitement tend \u00e0 communiquer \u00e0 la personne concern\u00e9e des informations sur les actualit\u00e9s de nos produits et de nos services.<\/h4> <h4>Base juridique \u2013 Ce traitement de donn\u00e9es personnelles est fond\u00e9 sur le consentement de la personne concern\u00e9e (article 6, paragraphe 1, point a) du RGPD). La demande de donn\u00e9es a un caract\u00e8re contractuel. La personne concern\u00e9e n\u2019est pas tenue de fournir ces donn\u00e9es. Si la personne concern\u00e9e ne fournit pas les donn\u00e9es ou retire son consentement au traitement de donn\u00e9es, elle ne pourra pas \u00a0recevoir d\u2019information\u00a0sur les actualit\u00e9s de nos produits et nos services<strong>]<\/strong>.<\/h4> <h4><strong>&gt; Analyse et am\u00e9lioration de nos produits et services<\/strong><\/h4> <h4>Donn\u00e9es personnelles trait\u00e9es \u2013\u00a0Nous traitons les donn\u00e9es suivantes : localisation, type de page visit\u00e9e.<\/h4> <h4>Finalit\u00e9s \u2013 Ce traitement est utilis\u00e9\u00a0\u00e0 des fins d\u2019analyse et d\u2019\u00e9tude statistique de l\u2019utilisation de \u00a0notre site et de\u00a0 nos produits .<\/h4> <h4>Base juridique \u2013 Le traitement est n\u00e9cessaire aux fins des int\u00e9r\u00eats l\u00e9gitimes que nous poursuivons, consistant \u00e0 am\u00e9liorer et optimiser les produits et services.\u00a0Il est fond\u00e9 sur l\u2019article 6, paragraphe 1, point f) du RGPD. La demande de donn\u00e9es a un caract\u00e8re contractuel. La personne concern\u00e9e n\u2019est pas tenue de fournir ces donn\u00e9es et elle peut s\u2019opposer \u00e0 tout moment \u00e0 leur traitement.\u00a0<\/h4> <h4><strong>&gt; Utilisation de Google Analytics\u00a0<\/strong><\/h4> <h4>Donn\u00e9es personnelles trait\u00e9es \u2013\u00a0Google traite les donn\u00e9es mentionn\u00e9es dans sa politique de confidentialit\u00e9 (<a href=\"https:\/\/support.google.com\/analytics\/answer\/6004245?hl=fr\" rel=\"nofollow\">https:\/\/support.google.com\/analytics\/answer\/6004245?hl=fr<\/a>\u00a0\/\u00a0https:\/\/policies.google.com\/privacy?hl=fr#infocollect). Ces donn\u00e9es comprennent notamment l\u2019adresse IP des appareils utilis\u00e9s pour consulter le site.<\/h4> <h4>Finalit\u00e9s \u2013 Ce traitement est utilis\u00e9\u00a0\u00e0 des fins d\u2019analyse et d\u2019\u00e9tude statistique de l\u2019utilisation de notre site.<\/h4> <h4>Base juridique \u2013 Le traitement est n\u00e9cessaire aux fins des int\u00e9r\u00eats l\u00e9gitimes que nous poursuivons, consistant \u00e0 am\u00e9liorer et optimiser notre site Internet au b\u00e9n\u00e9fice des utilisateurs.\u00a0Il est fond\u00e9 sur l\u2019article 6, paragraphe 1, point f) du RGPD. La demande de donn\u00e9es a un caract\u00e8re contractuel. La personne concern\u00e9e n\u2019est pas tenue de fournir ces donn\u00e9es et elle peut s\u2019opposer \u00e0 tout moment \u00e0 leur traitement. Pour\u00a0emp\u00eacher la collecte de donn\u00e9es relatives \u00e0 son utilisation du site et le traitement de ces donn\u00e9es par Google, la personne concern\u00e9e doit suivre les indications de Google :\u00a0http:\/\/tools.google.com\/dlpage\/gaoptout.<\/h4> <h4><strong>&gt; Messages marketing et publicitaires<\/strong><\/h4> <h4>Donn\u00e9es personnelles trait\u00e9es \u2013\u00a0Nous traitons les donn\u00e9es suivantes : nom, pr\u00e9nom, informations sur les messages ouverts et les liens suivis (y compris la date et l\u2019horaire de la consultation)<strong>]<\/strong>.<\/h4> <h4>Finalit\u00e9s \u2013 Le traitement est destin\u00e9 \u00e0 am\u00e9liorer notre communication et \u00e0 vous adresser des contenus pertinents \u00e0 des moments opportuns .<\/h4> <h4>Base juridique \u2013\u00a0Le traitement repose sur le consentement de la personne concern\u00e9e (article 6, paragraphe 1, point a) du RGPD) et est n\u00e9cessaire aux fins des int\u00e9r\u00eats l\u00e9gitimes que nous poursuivons, consistant \u00e0 am\u00e9liorer notre communication et \u00e0 \u00e9viter d\u2019adresser des communications inopportunes (article 6, paragraphe 1, point f) du RGPD).\u00a0La demande de donn\u00e9es a un caract\u00e8re contractuel. La personne concern\u00e9e n\u2019est pas tenue de fournir ces donn\u00e9es et elle peut s\u2019opposer \u00e0 tout moment \u00e0 leur traitement. Si la personne concern\u00e9e ne fournit pas les donn\u00e9es ou retire son consentement au traitement de donn\u00e9es, elle ne pourra pas <strong>\u00a0<\/strong>recevoir des communications adapt\u00e9es<strong>]<\/strong>.<\/h4> <h4><strong>&gt; S\u00e9curit\u00e9 et pr\u00e9vention des activit\u00e9s illicites<\/strong><\/h4> <h4>Donn\u00e9es personnelles trait\u00e9es \u2013\u00a0Nous traitons les donn\u00e9es suivantes : civilit\u00e9, nom, pr\u00e9nom, adresse mail et adresse postale .<\/h4> <h4>Finalit\u00e9s \u2013\u00a0Le traitement est destin\u00e9 \u00e0 assurer la s\u00e9curit\u00e9 de nos produits et services et \u00e0 pr\u00e9venir les activit\u00e9s illicites en lien avec nos produits et services.<\/h4> <h4>Base juridique \u2013\u00a0Ce traitement est\u00a0n\u00e9cessaire\u00a0au respect des obligations l\u00e9gales auxquelles le responsable du traitement est soumis (article 6, paragraphe 1, point c) du RGPD) et il\u00a0est n\u00e9cessaire aux fins des int\u00e9r\u00eats l\u00e9gitimes que nous poursuivons, consistant \u00e0 assurer la s\u00e9curit\u00e9 de nos produits et de nos services et \u00e0 pr\u00e9venir les activit\u00e9s illicites (article 6, paragraphe 1, point f) du RGPD). La demande de donn\u00e9es est conforme aux dispositions l\u00e9gislatives et r\u00e9glementaires applicables. La personne concern\u00e9e est tenue de fournir ces donn\u00e9es si elle souhaite b\u00e9n\u00e9ficier de nos produits et services. Si la personne concern\u00e9e ne fournit pas les donn\u00e9es, elle ne pourra pas pr\u00e9tendre \u00e0 quelconque information ..<\/h4>","_links":{"self":[{"href":"https:\/\/gloriaferester-bijoux.com\/en\/wp-json\/wp\/v2\/pages\/825"}],"collection":[{"href":"https:\/\/gloriaferester-bijoux.com\/en\/wp-json\/wp\/v2\/pages"}],"about":[{"href":"https:\/\/gloriaferester-bijoux.com\/en\/wp-json\/wp\/v2\/types\/page"}],"author":[{"embeddable":true,"href":"https:\/\/gloriaferester-bijoux.com\/en\/wp-json\/wp\/v2\/users\/1"}],"replies":[{"embeddable":true,"href":"https:\/\/gloriaferester-bijoux.com\/en\/wp-json\/wp\/v2\/comments?post=825"}],"version-history":[{"count":10,"href":"https:\/\/gloriaferester-bijoux.com\/en\/wp-json\/wp\/v2\/pages\/825\/revisions"}],"predecessor-version":[{"id":1402,"href":"https:\/\/gloriaferester-bijoux.com\/en\/wp-json\/wp\/v2\/pages\/825\/revisions\/1402"}],"wp:attachment":[{"href":"https:\/\/gloriaferester-bijoux.com\/en\/wp-json\/wp\/v2\/media?parent=825"}],"curies":[{"name":"wp","href":"https:\/\/api.w.org\/{rel}","templated":true}]}}