{"id":815,"date":"2019-04-10T12:03:18","date_gmt":"2019-04-10T10:03:18","guid":{"rendered":"http:\/\/gloriaferester-bijoux.com\/?page_id=815"},"modified":"2019-04-11T11:04:43","modified_gmt":"2019-04-11T09:04:43","slug":"cgu","status":"publish","type":"page","link":"https:\/\/gloriaferester-bijoux.com\/en\/cgu\/","title":{"rendered":"Terms and conditions"},"content":{"rendered":"<!--themify_builder_content-->\r\n<div id=\"themify_builder_content-815\" data-postid=\"815\" class=\"themify_builder_content themify_builder_content-815 themify_builder tf_clear\">\r\n    \t<!-- module_row -->\r\n\t<div  data-lazy=\"1\" class=\"module_row themify_builder_row tb_9a7b0a0 tb_first tf_clearfix\">\r\n\t    \t\t<div class=\"row_inner col_align_top col-count-1 tf_box tf_w tf_rel\">\r\n\t\t\t<div  data-lazy=\"1\" class=\"module_column tb-column col-full first tb_550a161 tf_box\">\r\n\t\t\t    \t        <div class=\"tb-column-inner tf_box tf_w\">\r\n\t\t    <!-- module text -->\r\n<div  class=\"module module-text tb_c4b6972  repeat\" data-lazy=\"1\">\r\n        <div  class=\"tb_text_wrap\">\r\n    <h4>General terms and conditions of use of the website <strong><a href=\"http:\/\/gloriaferester-bijoux.com\/en\/\">http:\/\/gloriaferester-bijoux.com\/<\/a><\/strong><\/h4><h4 class=\"m_4365056043651868270gmail-h4\">ARTICLE 1: Purpose<\/h4><h4>The purpose of these \"General Terms and Conditions of Use\" is to provide a legal framework for the terms and conditions for making the services on the\u00a0<a href=\"http:\/\/gloriaferester-bijoux.com\/en\/\">http:\/\/gloriaferester-bijoux.com\/<\/a>\u00a0available and for their use by the \"User\".<\/h4><h4>The general terms and conditions of use must be accepted by any User wishing to access the site. They constitute the contract between the site and the User. Access to the site by the User signifies his acceptance of these general terms and conditions of use.<\/h4><h4>Eventually:<\/h4><ul><li><h4>- In the event of non-acceptance of the general conditions of use stipulated in this contract, the User must renounce access to the services offered by the site.<\/h4><\/li><li><h4><a href=\"http:\/\/gloriaferester-bijoux.com\/en\/\">http:\/\/gloriaferester-bijoux.com\/<\/a>\u00a0reserves the right to unilaterally modify the content of these general terms and conditions of use at any time.<\/h4><\/li><\/ul><h4 class=\"m_4365056043651868270gmail-h4\">ARTICLE 2: Definitions<\/h4><h4>The purpose of this clause is to define the various essential terms of the contract:<\/h4><ul><li><h4>- User: this term refers to any person who uses the site or any of the services offered by the site.<\/h4><\/li><li><h4>- User content: these are the data transmitted by the User within the site.<\/h4><\/li><li><h4>- Member: the User becomes a member when he\/she is identified on the site.<\/h4><\/li><li><h4>- Username and password: this is all the information necessary to identify a User on the site. The username and password allow the User to access services reserved for site members. The password is confidential.<\/h4><\/li><\/ul><h4 class=\"m_4365056043651868270gmail-h4\">ARTICLE 3: Access to services<\/h4><h4>The site allows the User free access to the following services:<\/h4><ul><li><h4><span class=\"m_4365056043651868270gmail-txt_modifiable\">-  products<\/span>\u00a0;<\/h4><\/li><\/ul><h4>The site is accessible free of charge in any place to any User with Internet access. All costs incurred by the User to access the service (hardware, software, Internet connection, etc.) are at his expense.<\/h4><h4>The site uses all the means at its disposal to ensure quality access to its services. The obligation being of means, the site does not commit itself to achieve this result.<\/h4><h4>Any event due to a case of force majeure resulting in a malfunction of the network or server does not engage the responsibility of\u00a0<a href=\"http:\/\/gloriaferester-bijoux.com\/en\/\">http:\/\/gloriaferester-bijoux.com\/<\/a>.<\/h4><h4>Access to the site's services may be interrupted, suspended or modified at any time without notice for maintenance or any other reason. The User undertakes not to claim any compensation following the interruption, suspension or modification of this contract.<\/h4><h4>The User has the possibility to contact the site by e-mail at gloriaferester@gmail.com<\/h4><h4>ARTICLE 4: Intellectual Property<\/h4><h4>The trademarks, logos, signs and any other content of the site are protected by the Intellectual Property Code and more particularly by copyright.<\/h4><h4>The user requests the prior authorization of the site for any reproduction, publication or copy of the various contents.<\/h4><h4>The User undertakes to use the contents of the site in a strictly private context. The use of the contents for commercial purposes is strictly prohibited.<\/h4><h4>Any content posted by the User is the sole responsibility of the User. The User undertakes not to put online any content that may harm the interests of third parties. Any legal action brought by an injured third party against the site will be taken care of by the User.<\/h4><h4>The User's content may be deleted or modified by the site at any time and for any reason. The User does not receive any justification and notification prior to the deletion or modification of the User content.<\/h4><h4 class=\"m_4365056043651868270gmail-h4\">ARTICLE 5: Personal data<\/h4><h4>The information requested at registration on the site is necessary and mandatory for the creation of the User's account. In particular, the e-mail address may be used by the site for the administration, management and animation of the service.<\/h4><h4>The site ensures that the User collects and processes personal information in a manner that respects privacy in accordance with Act No. 78-17 of 6 January 1978 on data processing, files and freedoms.\u00a0<\/h4><h4>In accordance with articles 39 and 40 of the law dated 6 January 1978, the User has the right to access, rectify, delete and oppose his personal data. The User exercises this right via:<\/h4><ul><li><h4>-  a contact form;<\/h4><\/li><li><h4>-  by e-mail to gloriaferester@gmail.com<\/h4><\/li><\/ul><h4 class=\"m_4365056043651868270gmail-h4\">ARTICLE 6: Liability and force majeure<\/h4><h4>The sources of the information published on the site are considered reliable. However, the site reserves the right to not guarantee the reliability of the sources. The information provided on the site is for information purposes only. Thus, the User alone assumes full responsibility for the use of the information and content of this site.<\/h4><h4>Any use of the service by the User that directly or indirectly results in damage must be compensated for by the site.<\/h4><h4>The site does not guarantee optimal security and confidentiality of the data transmitted. However, the site undertakes to implement all necessary means to ensure the best possible security and confidentiality of data.<\/h4><h4>The site cannot be held liable in the event of force majeure or the unforeseeable and insurmountable eve<\/h4><h4 class=\"m_4365056043651868270gmail-h4\">ARTICLE 7: Hypertext links<\/h4><h4>Many outgoing hypertext links are present on the site, however the web pages where these links lead do not engage in any way the responsibility of http:\/\/gloriaferester-bijoux.com\/ which does  not  have control of these links.\u00a0<a href=\"http:\/\/gloriaferester-bijoux.com\/en\/\">http:\/\/gloriaferester-bijoux.com\/\u00a0<\/a>which does  not  have control of these links.<\/h4><h4>The User therefore refrains from engaging the site's responsibility for the content and resources relating to these outgoing hypertext links.<\/h4><h4 class=\"m_4365056043651868270gmail-h4\">ARTICLE 8: Evolution of the contract<\/h4><h4>The site reserves the right to modify the clauses stipulated in this contract at any time.<\/h4><h4 class=\"m_4365056043651868270gmail-h4\">ARTICLE 9: Duration<\/h4><h4>The duration of this contract is indefinite. The contract shall be effective against the User as from the date of use of the service.<\/h4><h4 class=\"m_4365056043651868270gmail-h4\">ARTICLE 10: Applicable law and competent jurisdiction<\/h4><h4>French law applies to this contract. In the absence of an amicable resolution of a dispute between the parties, only the courts of the City of Paris shall have jurisdiction.<\/h4>    <\/div>\r\n<\/div>\r\n<!-- \/module text -->\t        <\/div>\r\n\t    \t<\/div>\r\n\t\t    <\/div>\r\n\t    <!-- \/row_inner -->\r\n\t<\/div>\r\n\t<!-- \/module_row -->\r\n\t<\/div>\r\n<!--\/themify_builder_content-->\r\n<\/p>\n<p>&nbsp;<\/p>","protected":false},"excerpt":{"rendered":"<p>Conditions g\u00e9n\u00e9rales d&#8217;utilisation du site http:\/\/gloriaferester-bijoux.com\/ ARTICLE 1\u00a0: Objet Les pr\u00e9sentes \u00ab\u00a0conditions g\u00e9n\u00e9rales d&#8217;utilisation\u00a0\u00bb ont pour objet l&#8217;encadrement juridique des modalit\u00e9s de mise \u00e0 disposition des services du site\u00a0http:\/\/gloriaferester-bijoux.com\/\u00a0et leur utilisation par \u00ab\u00a0l&#8217;Utilisateur\u00a0\u00bb. Les conditions g\u00e9n\u00e9rales d&#8217;utilisation doivent \u00eatre accept\u00e9es par tout Utilisateur souhaitant acc\u00e9der au site. Elles constituent le contrat entre le site et [&hellip;]<\/p>","protected":false},"author":1,"featured_media":0,"parent":0,"menu_order":0,"comment_status":"closed","ping_status":"closed","template":"","meta":{"_mi_skip_tracking":false},"yoast_head":"<!-- This site is optimized with the Yoast SEO plugin v15.7 - https:\/\/yoast.com\/wordpress\/plugins\/seo\/ -->\n<title>CGU - Gloria Ferester<\/title>\n<meta name=\"robots\" content=\"index, follow, max-snippet:-1, max-image-preview:large, max-video-preview:-1\" \/>\n<link rel=\"canonical\" href=\"http:\/\/gloriaferester-bijoux.com\/en\/cgu\/\" \/>\n<meta property=\"og:locale\" content=\"en_GB\" \/>\n<meta property=\"og:type\" content=\"article\" \/>\n<meta property=\"og:title\" content=\"CGU - Gloria Ferester\" \/>\n<meta property=\"og:description\" content=\"Conditions g\u00e9n\u00e9rales d&#8217;utilisation du site http:\/\/gloriaferester-bijoux.com\/ ARTICLE 1\u00a0: Objet Les pr\u00e9sentes \u00ab\u00a0conditions g\u00e9n\u00e9rales d&#8217;utilisation\u00a0\u00bb ont pour objet l&#8217;encadrement juridique des modalit\u00e9s de mise \u00e0 disposition des services du site\u00a0http:\/\/gloriaferester-bijoux.com\/\u00a0et leur utilisation par \u00ab\u00a0l&#8217;Utilisateur\u00a0\u00bb. Les conditions g\u00e9n\u00e9rales d&#8217;utilisation doivent \u00eatre accept\u00e9es par tout Utilisateur souhaitant acc\u00e9der au site. Elles constituent le contrat entre le site et [&hellip;]\" \/>\n<meta property=\"og:url\" content=\"http:\/\/gloriaferester-bijoux.com\/en\/cgu\/\" \/>\n<meta property=\"og:site_name\" content=\"Gloria Ferester\" \/>\n<meta property=\"article:modified_time\" content=\"2019-04-11T09:04:43+00:00\" \/>\n<meta name=\"twitter:card\" content=\"summary_large_image\" \/>\n<meta name=\"twitter:label1\" content=\"Estimated reading time\">\n\t<meta name=\"twitter:data1\" content=\"5 minutes\">\n<script type=\"application\/ld+json\" class=\"yoast-schema-graph\">{\"@context\":\"https:\/\/schema.org\",\"@graph\":[{\"@type\":[\"Person\",\"Organization\"],\"@id\":\"https:\/\/gloriaferester-bijoux.com\/fr_fr\/#\/schema\/person\/9a3539945155c01c675c002d369a6264\",\"name\":\"admin7742\",\"image\":{\"@type\":\"ImageObject\",\"@id\":\"https:\/\/gloriaferester-bijoux.com\/fr_fr\/#personlogo\",\"inLanguage\":\"en-GB\",\"url\":\"https:\/\/secure.gravatar.com\/avatar\/2fcb8e48a746c7cf58fc7f685b3968bb?s=96&d=mm&r=g\",\"caption\":\"admin7742\"},\"logo\":{\"@id\":\"https:\/\/gloriaferester-bijoux.com\/fr_fr\/#personlogo\"}},{\"@type\":\"WebSite\",\"@id\":\"https:\/\/gloriaferester-bijoux.com\/fr_fr\/#website\",\"url\":\"https:\/\/gloriaferester-bijoux.com\/fr_fr\/\",\"name\":\"Gloria Ferester\",\"description\":\"Paris\",\"publisher\":{\"@id\":\"https:\/\/gloriaferester-bijoux.com\/fr_fr\/#\/schema\/person\/9a3539945155c01c675c002d369a6264\"},\"potentialAction\":[{\"@type\":\"SearchAction\",\"target\":\"https:\/\/gloriaferester-bijoux.com\/fr_fr\/?s={search_term_string}\",\"query-input\":\"required name=search_term_string\"}],\"inLanguage\":\"en-GB\"},{\"@type\":\"WebPage\",\"@id\":\"http:\/\/gloriaferester-bijoux.com\/en\/cgu\/#webpage\",\"url\":\"http:\/\/gloriaferester-bijoux.com\/en\/cgu\/\",\"name\":\"CGU - Gloria Ferester\",\"isPartOf\":{\"@id\":\"https:\/\/gloriaferester-bijoux.com\/fr_fr\/#website\"},\"datePublished\":\"2019-04-10T10:03:18+00:00\",\"dateModified\":\"2019-04-11T09:04:43+00:00\",\"breadcrumb\":{\"@id\":\"http:\/\/gloriaferester-bijoux.com\/en\/cgu\/#breadcrumb\"},\"inLanguage\":\"en-GB\",\"potentialAction\":[{\"@type\":\"ReadAction\",\"target\":[\"http:\/\/gloriaferester-bijoux.com\/en\/cgu\/\"]}]},{\"@type\":\"BreadcrumbList\",\"@id\":\"http:\/\/gloriaferester-bijoux.com\/en\/cgu\/#breadcrumb\",\"itemListElement\":[{\"@type\":\"ListItem\",\"position\":1,\"item\":{\"@type\":\"WebPage\",\"@id\":\"https:\/\/gloriaferester-bijoux.com\/fr_fr\/\",\"url\":\"https:\/\/gloriaferester-bijoux.com\/fr_fr\/\",\"name\":\"Accueil\"}},{\"@type\":\"ListItem\",\"position\":2,\"item\":{\"@type\":\"WebPage\",\"@id\":\"http:\/\/gloriaferester-bijoux.com\/en\/cgu\/\",\"url\":\"http:\/\/gloriaferester-bijoux.com\/en\/cgu\/\",\"name\":\"CGU\"}}]}]}<\/script>\n<!-- \/ Yoast SEO plugin. -->","builder_content":"<h4>Conditions g\u00e9n\u00e9rales d'utilisation du site <strong><a href=\"http:\/\/gloriaferester-bijoux.com\/\">http:\/\/gloriaferester-bijoux.com\/<\/a><\/strong><\/h4><h4>ARTICLE 1\u00a0: Objet<\/h4><h4>Les pr\u00e9sentes \u00ab\u00a0conditions g\u00e9n\u00e9rales d'utilisation\u00a0\u00bb ont pour objet l'encadrement juridique des modalit\u00e9s de mise \u00e0 disposition des services du site\u00a0<a href=\"http:\/\/gloriaferester-bijoux.com\/\">http:\/\/gloriaferester-bijoux.com\/<\/a>\u00a0et leur utilisation par \u00ab\u00a0l'Utilisateur\u00a0\u00bb.<\/h4><h4>Les conditions g\u00e9n\u00e9rales d'utilisation doivent \u00eatre accept\u00e9es par tout Utilisateur souhaitant acc\u00e9der au site. Elles constituent le contrat entre le site et l'Utilisateur. L\u2019acc\u00e8s au site par l\u2019Utilisateur signifie son acceptation des pr\u00e9sentes conditions g\u00e9n\u00e9rales d\u2019utilisation.<\/h4><h4>\u00c9ventuellement\u00a0:<\/h4><ul><li><h4>En cas de non-acceptation des conditions g\u00e9n\u00e9rales d'utilisation stipul\u00e9es dans le pr\u00e9sent contrat, l'Utilisateur se doit de renoncer \u00e0 l'acc\u00e8s des services propos\u00e9s par le site.<\/h4><\/li><li><h4><a href=\"http:\/\/gloriaferester-bijoux.com\/\">http:\/\/gloriaferester-bijoux.com\/<\/a>\u00a0se r\u00e9serve le droit de modifier unilat\u00e9ralement et \u00e0 tout moment le contenu des pr\u00e9sentes conditions g\u00e9n\u00e9rales d'utilisation.<\/h4><\/li><\/ul><h4>ARTICLE 2 : D\u00e9finitions<\/h4><h4>La pr\u00e9sente clause a pour objet de d\u00e9finir les diff\u00e9rents termes essentiels du contrat\u00a0:<\/h4><ul><li><h4>Utilisateur\u00a0: ce terme d\u00e9signe toute personne qui utilise le site ou l'un des services propos\u00e9s par le site.<\/h4><\/li><li><h4>Contenu utilisateur\u00a0: ce sont les donn\u00e9es transmises par l'Utilisateur au sein du site.<\/h4><\/li><li><h4>Membre\u00a0: l'Utilisateur devient membre lorsqu'il est identifi\u00e9 sur le site.<\/h4><\/li><li><h4>Identifiant et mot de passe\u00a0: c'est l'ensemble des informations n\u00e9cessaires \u00e0 l'identification d'un Utilisateur sur le site. L'identifiant et le mot de passe permettent \u00e0 l'Utilisateur d'acc\u00e9der \u00e0 des services r\u00e9serv\u00e9s aux membres du site. Le mot de passe est confidentiel.<\/h4><\/li><\/ul><h4>ARTICLE 3 : acc\u00e8s aux services<\/h4><h4>Le site permet \u00e0 l'Utilisateur un acc\u00e8s gratuit aux services suivants\u00a0:<\/h4><ul><li><h4>produits\u00a0;<\/h4><\/li><\/ul><h4>Le site est accessible gratuitement en tout lieu \u00e0 tout Utilisateur ayant un acc\u00e8s \u00e0 Internet. Tous les frais support\u00e9s par l'Utilisateur pour acc\u00e9der au service (mat\u00e9riel informatique, logiciels, connexion Internet, etc.) sont \u00e0 sa charge.<\/h4><h4>Le site met en \u0153uvre tous les moyens mis \u00e0 sa disposition pour assurer un acc\u00e8s de qualit\u00e9 \u00e0 ses services. L'obligation \u00e9tant de moyens, le site ne s'engage pas \u00e0 atteindre ce r\u00e9sultat.<\/h4><h4>Tout \u00e9v\u00e9nement d\u00fb \u00e0 un cas de force majeure ayant pour cons\u00e9quence un dysfonctionnement du r\u00e9seau ou du serveur n'engage pas la responsabilit\u00e9 de\u00a0<a href=\"http:\/\/gloriaferester-bijoux.com\/\">http:\/\/gloriaferester-bijoux.com\/<\/a>.<\/h4><h4>L'acc\u00e8s aux services du site peut \u00e0 tout moment faire l'objet d'une interruption, d'une suspension, d'une modification sans pr\u00e9avis pour une maintenance ou pour tout autre cas. L'Utilisateur s'oblige \u00e0 ne r\u00e9clamer aucune indemnisation suite \u00e0 l'interruption, \u00e0 la suspension ou \u00e0 la modification du pr\u00e9sent contrat.<\/h4><h4>L'Utilisateur a la possibilit\u00e9 de contacter le site par messagerie \u00e9lectronique \u00e0 l\u2019adresse gloriaferester@gmail.com .<\/h4><h4>ARTICLE 4 : Propri\u00e9t\u00e9 intellectuelle<\/h4><h4>Les marques, logos, signes et tout autre contenu du site font l'objet d'une protection par le Code de la propri\u00e9t\u00e9 intellectuelle et plus particuli\u00e8rement par le droit d'auteur.<\/h4><h4>L'Utilisateur sollicite l'autorisation pr\u00e9alable du site pour toute reproduction, publication, copie des diff\u00e9rents contenus.<\/h4><h4>L'Utilisateur s'engage \u00e0 une utilisation des contenus du site dans un cadre strictement priv\u00e9. Une utilisation des contenus \u00e0 des fins commerciales est strictement interdite.<\/h4><h4>Tout contenu mis en ligne par l'Utilisateur est de sa seule responsabilit\u00e9. L'Utilisateur s'engage \u00e0 ne pas mettre en ligne de contenus pouvant porter atteinte aux int\u00e9r\u00eats de tierces personnes. Tout recours en justice engag\u00e9 par un tiers l\u00e9s\u00e9 contre le site sera pris en charge par l'Utilisateur.<\/h4><h4>Le contenu de l'Utilisateur peut \u00eatre \u00e0 tout moment et pour n'importe quelle raison supprim\u00e9 ou modifi\u00e9 par le site. L'Utilisateur ne re\u00e7oit aucune justification et notification pr\u00e9alablement \u00e0 la suppression ou \u00e0 la modification du contenu Utilisateur.<\/h4><h4>ARTICLE 5 : Donn\u00e9es personnelles<\/h4><h4>Les informations demand\u00e9es \u00e0 l\u2019inscription au site sont n\u00e9cessaires et obligatoires pour la cr\u00e9ation du compte de l'Utilisateur. En particulier, l'adresse \u00e9lectronique pourra \u00eatre utilis\u00e9e par le site pour l'administration, la gestion et l'animation du service.<\/h4><h4>Le site assure \u00e0 l'Utilisateur une collecte et un traitement d'informations personnelles dans le respect de la vie priv\u00e9e conform\u00e9ment \u00e0 la loi n\u00b078-17 du 6 janvier 1978 relative \u00e0 l'informatique, aux fichiers et aux libert\u00e9s.\u00a0<\/h4><h4>En vertu des articles 39 et 40 de la loi en date du 6 janvier 1978, l'Utilisateur dispose d'un droit d'acc\u00e8s, de rectification, de suppression et d'opposition de ses donn\u00e9es personnelles. L'Utilisateur exerce ce droit via\u00a0:<\/h4><ul><li><h4>un formulaire de contact\u00a0;<\/h4><\/li><li><h4>par mail \u00e0 gloriaferester@gmail.com\u00a0;<\/h4><\/li><\/ul><h4>ARTICLE 6 : Responsabilit\u00e9 et force majeure<\/h4><h4>Les sources des informations diffus\u00e9es sur le site sont r\u00e9put\u00e9es fiables. Toutefois, le site se r\u00e9serve la facult\u00e9 d'une non-garantie de la fiabilit\u00e9 des sources. Les informations donn\u00e9es sur le site le sont \u00e0 titre purement informatif. Ainsi, l'Utilisateur assume seul l'enti\u00e8re responsabilit\u00e9 de l'utilisation des informations et contenus du pr\u00e9sent site.<\/h4><h4>Tout usage du service par l'Utilisateur ayant directement ou indirectement pour cons\u00e9quence des dommages doit faire l'objet d'une indemnisation au profit du site.<\/h4><h4>Une garantie optimale de la s\u00e9curit\u00e9 et de la confidentialit\u00e9 des donn\u00e9es transmises n'est pas assur\u00e9e par le site. Toutefois, le site s'engage \u00e0 mettre en \u0153uvre tous les moyens n\u00e9cessaires afin de garantir au mieux la s\u00e9curit\u00e9 et la confidentialit\u00e9 des donn\u00e9es.<\/h4><h4>La responsabilit\u00e9 du site ne peut \u00eatre engag\u00e9e en cas de force majeure ou du fait impr\u00e9visible et insurmontable d'un tiers.<\/h4><h4>ARTICLE 7 : Liens hypertextes<\/h4><h4>De nombreux liens hypertextes sortants sont pr\u00e9sents sur le site, cependant les pages web o\u00f9 m\u00e8nent ces liens n'engagent en rien la responsabilit\u00e9 de\u00a0<a href=\"http:\/\/gloriaferester-bijoux.com\/\">http:\/\/gloriaferester-bijoux.com\/\u00a0<\/a>qui n'a pas le contr\u00f4le de ces liens.<\/h4><h4>L'Utilisateur s'interdit donc \u00e0 engager la responsabilit\u00e9 du site concernant le contenu et les ressources relatives \u00e0 ces liens hypertextes sortants.<\/h4><h4>ARTICLE 8 : \u00c9volution du contrat<\/h4><h4>Le site se r\u00e9serve \u00e0 tout moment le droit de modifier les clauses stipul\u00e9es dans le pr\u00e9sent contrat.<\/h4><h4>ARTICLE 9 : Dur\u00e9e<\/h4><h4>La dur\u00e9e du pr\u00e9sent contrat est ind\u00e9termin\u00e9e. Le contrat produit ses effets \u00e0 l'\u00e9gard de l'Utilisateur \u00e0 compter de l'utilisation du service.<\/h4><h4>ARTICLE\u00a010 : Droit applicable et juridiction comp\u00e9tente<\/h4><h4>La l\u00e9gislation fran\u00e7aise s'applique au pr\u00e9sent contrat. En cas d'absence de r\u00e9solution amiable d'un litige n\u00e9 entre les parties, seuls les tribunaux de la ville de Paris\u00a0sont comp\u00e9tents.<\/h4>","_links":{"self":[{"href":"https:\/\/gloriaferester-bijoux.com\/en\/wp-json\/wp\/v2\/pages\/815"}],"collection":[{"href":"https:\/\/gloriaferester-bijoux.com\/en\/wp-json\/wp\/v2\/pages"}],"about":[{"href":"https:\/\/gloriaferester-bijoux.com\/en\/wp-json\/wp\/v2\/types\/page"}],"author":[{"embeddable":true,"href":"https:\/\/gloriaferester-bijoux.com\/en\/wp-json\/wp\/v2\/users\/1"}],"replies":[{"embeddable":true,"href":"https:\/\/gloriaferester-bijoux.com\/en\/wp-json\/wp\/v2\/comments?post=815"}],"version-history":[{"count":20,"href":"https:\/\/gloriaferester-bijoux.com\/en\/wp-json\/wp\/v2\/pages\/815\/revisions"}],"predecessor-version":[{"id":859,"href":"https:\/\/gloriaferester-bijoux.com\/en\/wp-json\/wp\/v2\/pages\/815\/revisions\/859"}],"wp:attachment":[{"href":"https:\/\/gloriaferester-bijoux.com\/en\/wp-json\/wp\/v2\/media?parent=815"}],"curies":[{"name":"wp","href":"https:\/\/api.w.org\/{rel}","templated":true}]}}