{"id":234,"date":"2019-02-28T12:01:47","date_gmt":"2019-02-28T11:01:47","guid":{"rendered":"http:\/\/gloriaferester-bijoux.com\/?page_id=234"},"modified":"2021-02-03T17:54:07","modified_gmt":"2021-02-03T16:54:07","slug":"bijoux-poemes","status":"publish","type":"page","link":"https:\/\/gloriaferester-bijoux.com\/en\/bijoux-poemes\/","title":{"rendered":"Jewelry-poems"},"content":{"rendered":"<!--themify_builder_content-->\r\n<div id=\"themify_builder_content-234\" data-postid=\"234\" class=\"themify_builder_content themify_builder_content-234 themify_builder tf_clear\">\r\n    \t<!-- module_row -->\r\n\t<div  data-lazy=\"1\" class=\"module_row themify_builder_row repeat tb_d3c300a tb_first tf_clearfix\" >\r\n\t    \t\t<div class=\"row_inner col_align_top col-count-1 tf_box tf_w tf_rel\">\r\n\t\t\t<div  data-lazy=\"1\" class=\"module_column tb-column col-full first tb_85528e2 tf_box\">\r\n\t\t\t    \t        <div class=\"tb-column-inner tf_box tf_w\">\r\n\t\t    <!-- module text -->\r\n<div  class=\"module module-text tb_8c87e19  repeat\" data-lazy=\"1\">\r\n        <div  class=\"tb_text_wrap\">\r\n    <p><strong>\u00a0\u00a0\u00a0\u00a0\u00a0 The verses of Ronsard, Victor Hugo, Eluard, Aragon, Chardonne, compose jewelry-poems where the heart, center of the body and life, seat of emotions, emblem of passion, offers a representation of sublime as well as profane love.<\/strong><\/p>\n<p><strong>\u00a0\u00a0\u00a0\u00a0\u00a0<em> \u201cWhat could be more beautiful for a woman than to tie a passion around her neck?\u201d Yves Saint Laurent<\/em><\/strong><\/p>\n<p><strong>\u00a0\u00a0\u00a0\u00a0\u00a0 The poetry appears also in a pendant with milky agates whose dendrites evoke the calligraphy of a ha\u00efku: a foam star, a vegetable palm, an ideogram that the primordial forces will have deposited within an agate, compose a delicate jewelry-poem.<br \/><\/strong><\/p>    <\/div>\r\n<\/div>\r\n<!-- \/module text -->\t        <\/div>\r\n\t    \t<\/div>\r\n\t\t    <\/div>\r\n\t    <!-- \/row_inner -->\r\n\t<\/div>\r\n\t<!-- \/module_row -->\r\n\t\t<!-- module_row -->\r\n\t<div  data-lazy=\"1\" class=\"module_row themify_builder_row tb_2ef6890 tf_clearfix\">\r\n\t    \t\t<div class=\"row_inner col_align_top col-count-4 tf_box tf_w tf_rel\">\r\n\t\t\t<div  data-lazy=\"1\" class=\"module_column tb-column col4-1 first tb_6cb7b8a tf_box\">\r\n\t\t\t    \t        <div class=\"tb-column-inner tf_box tf_w\">\r\n\t\t    <!-- module gallery -->\r\n<div  class=\"module gallery module-gallery tb_22a3eb0 layout-lightboxed bordered\" data-lazy=\"1\">\r\n    <h3 class=\"module-title\">BP 1<br>Necklace<\/h3>    <dl class=\"gallery-item tf_hidden\">\r\n                    <dt class=\"gallery-icon\">\r\n\t\t\t\t<a data-title=\"\" href=\"https:\/\/gloriaferester-bijoux.com\/wp-content\/uploads\/2019\/05\/pendentif-agate-wp-72-ppp.jpg\" title=\"Necklace BP 1\" data-rel=\"tb_22a3eb0\" class=\"themify_lightbox\">\r\n\t\t\r\n\t\t<img loading=\"lazy\" src=\"https:\/\/gloriaferester-bijoux.com\/wp-content\/uploads\/2019\/05\/pendentif-agate-wp-72-ppp-180x250.jpg\" width=\"180\" height=\"250\" class=\"wp-post-image wp-image-1176\" title=\"Necklace BP 1\" alt=\"Pendentif BP 1\">\r\n\t\t            <\/a><\/dt>\r\n        \r\n        <dd>\r\n                                <\/dd>\r\n    <\/dl>\r\n\r\n    <dl class=\"gallery-item\" style=\"display:none\">\r\n                    <dt class=\"gallery-icon\">\r\n\t\t\t\t<a data-title=\"\" href=\"https:\/\/gloriaferester-bijoux.com\/wp-content\/uploads\/2019\/02\/bijou-po\u00e8me-1-pendentif-2-a.jpg\" title=\"Necklace, gold plated brass, agates with dendrites - L 40 cm \/ L pendants 4,5 cm\" data-rel=\"tb_22a3eb0\" class=\"themify_lightbox\">\r\n\t\t\r\n\t\t354\r\n\t\t            <\/a><\/dt>\r\n        \r\n        <dd>\r\n                                <\/dd>\r\n    <\/dl>\r\n\r\n<\/div>\r\n<!-- \/module gallery -->\t        <\/div>\r\n\t    \t<\/div>\r\n\t\t<div  data-lazy=\"1\" class=\"module_column tb-column col4-1 second tb_beb8ca9 tf_box\">\r\n\t\t\t    \t        <div class=\"tb-column-inner tf_box tf_w\">\r\n\t\t    <!-- module gallery -->\r\n<div  class=\"module gallery module-gallery tb_g20g103 layout-lightboxed bordered\" data-lazy=\"1\">\r\n    <h3 class=\"module-title\">BP 2<br>Necklace<\/h3>    <dl class=\"gallery-item tf_hidden\">\r\n                    <dt class=\"gallery-icon\">\r\n\t\t\t\t<a data-title=\"\" href=\"https:\/\/gloriaferester-bijoux.com\/wp-content\/uploads\/2019\/02\/bijou-po\u00e8me-2-pendentif-1-a.jpg\" title=\"Collar A 8\" data-rel=\"tb_g20g103\" class=\"themify_lightbox\">\r\n\t\t\r\n\t\t<img loading=\"lazy\" src=\"https:\/\/gloriaferester-bijoux.com\/wp-content\/uploads\/2019\/02\/bijou-po\u00e8me-2-pendentif-1-a-180x250.jpg\" width=\"180\" height=\"250\" class=\"wp-post-image wp-image-294\" title=\"Collar A 8\" alt=\"Collier A 8\">\r\n\t\t            <\/a><\/dt>\r\n        \r\n        <dd>\r\n                                <\/dd>\r\n    <\/dl>\r\n\r\n    <dl class=\"gallery-item\" style=\"display:none\">\r\n                    <dt class=\"gallery-icon\">\r\n\t\t\t\t<a data-title=\"\" href=\"https:\/\/gloriaferester-bijoux.com\/wp-content\/uploads\/2019\/02\/bijou-po\u00e8me-2-pendentif-2-a.jpg\" title=\"Collier, laiton dor\u00e9, agate, &quot; L&#039;amour c&#039;est beaucoup plus que l&#039;amour&quot;- H 20 cm \/ H m\u00e9daillon 8 cm \/ L m\u00e9daillon 9 cm\" data-rel=\"tb_g20g103\" class=\"themify_lightbox\">\r\n\t\t\r\n\t\t429\r\n\t\t            <\/a><\/dt>\r\n        \r\n        <dd>\r\n                                <\/dd>\r\n    <\/dl>\r\n\r\n<\/div>\r\n<!-- \/module gallery -->\t        <\/div>\r\n\t    \t<\/div>\r\n\t\t<div  data-lazy=\"1\" class=\"module_column tb-column col4-1 third tb_7cefcb9 tf_box\">\r\n\t\t\t    \t        <div class=\"tb-column-inner tf_box tf_w\">\r\n\t\t    <!-- module gallery -->\r\n<div  class=\"module gallery module-gallery tb_dy94901 layout-lightboxed bordered\" data-lazy=\"1\">\r\n    <h3 class=\"module-title\">BP 3<br>Necklace<\/h3>    <dl class=\"gallery-item tf_hidden\">\r\n                    <dt class=\"gallery-icon\">\r\n\t\t\t\t<a data-title=\"\" href=\"https:\/\/gloriaferester-bijoux.com\/wp-content\/uploads\/2019\/02\/bijou-po\u00e8me-3-pendentif-1_modifi\u00e9-2.jpg\" title=\"Necklace BP 3\" data-rel=\"tb_dy94901\" class=\"themify_lightbox\">\r\n\t\t\r\n\t\t<img loading=\"lazy\" src=\"https:\/\/gloriaferester-bijoux.com\/wp-content\/uploads\/2019\/02\/bijou-po\u00e8me-3-pendentif-1_modifi\u00e9-2-180x250.jpg\" width=\"180\" height=\"250\" class=\"wp-post-image wp-image-296\" title=\"Necklace BP 3\" alt=\"Pendentif, laiton dor\u00e9, ruban, &quot; Love is the irrestible desire to be irresistibly desired - H 30 cm \/ H m\u00e9daillon 7 cm \/ L m\u00e9daillon 10 cm\">\r\n\t\t            <\/a><\/dt>\r\n        \r\n        <dd>\r\n                                <\/dd>\r\n    <\/dl>\r\n\r\n<\/div>\r\n<!-- \/module gallery -->\t        <\/div>\r\n\t    \t<\/div>\r\n\t\t<div  data-lazy=\"1\" class=\"module_column tb-column col4-1 last tb_7a22074 tf_box\">\r\n\t\t\t    \t        <div class=\"tb-column-inner tf_box tf_w\">\r\n\t\t    <!-- module gallery -->\r\n<div  class=\"module gallery module-gallery tb_6kcd630 layout-lightboxed bordered\" data-lazy=\"1\">\r\n    <h3 class=\"module-title\">BP 4<br>Cuff bracelet<\/h3>    <dl class=\"gallery-item tf_hidden\">\r\n                    <dt class=\"gallery-icon\">\r\n\t\t\t\t<a data-title=\"\" href=\"https:\/\/gloriaferester-bijoux.com\/wp-content\/uploads\/2019\/02\/bijou-po\u00e8me-4-manchette-2_modifi\u00e9-1.jpg\" title=\"Cuff BP 4\" data-rel=\"tb_6kcd630\" class=\"themify_lightbox\">\r\n\t\t\r\n\t\t<img loading=\"lazy\" src=\"https:\/\/gloriaferester-bijoux.com\/wp-content\/uploads\/2019\/02\/bijou-po\u00e8me-4-manchette-2_modifi\u00e9-1-180x250.jpg\" width=\"180\" height=\"250\" class=\"wp-post-image wp-image-297\" title=\"Cuff BP 4\" alt=\"Manchette, laiton argent\u00e9, ruban,&quot; Je regarde une rose et je suis apais\u00e9e&quot; - H  7,5 cm \/ L  15 cm\">\r\n\t\t            <\/a><\/dt>\r\n        \r\n        <dd>\r\n                                <\/dd>\r\n    <\/dl>\r\n\r\n<\/div>\r\n<!-- \/module gallery -->\t        <\/div>\r\n\t    \t<\/div>\r\n\t\t    <\/div>\r\n\t    <!-- \/row_inner -->\r\n\t<\/div>\r\n\t<!-- \/module_row -->\r\n\t\t<!-- module_row -->\r\n\t<div  data-lazy=\"1\" class=\"module_row themify_builder_row tb_qmfl343 tf_clearfix\">\r\n\t    \t\t<div class=\"row_inner col_align_top col-count-4 tf_box tf_w tf_rel\">\r\n\t\t\t<div  data-lazy=\"1\" class=\"module_column tb-column col4-1 first tb_i8tp447 tf_box\">\r\n\t\t\t    \t        <div class=\"tb-column-inner tf_box tf_w\">\r\n\t\t    <!-- module gallery -->\r\n<div  class=\"module gallery module-gallery tb_2ib6019 layout-lightboxed bordered\" data-lazy=\"1\">\r\n    <h3 class=\"module-title\">BP 5<br>Tie<\/h3>    <dl class=\"gallery-item tf_hidden\">\r\n                    <dt class=\"gallery-icon\">\r\n\t\t\t\t<a data-title=\"\" href=\"https:\/\/gloriaferester-bijoux.com\/wp-content\/uploads\/2019\/02\/bijou-po\u00e8me-6-cravate1_modifi\u00e9-1.jpg\" title=\"Silk thread tie, gold plated brass, inscriptions - L 28 cm \/ W 6 cm\" data-rel=\"tb_2ib6019\" class=\"themify_lightbox\">\r\n\t\t\r\n\t\t<img loading=\"lazy\" src=\"https:\/\/gloriaferester-bijoux.com\/wp-content\/uploads\/2019\/02\/bijou-po\u00e8me-6-cravate1_modifi\u00e9-1-180x250.jpg\" width=\"180\" height=\"250\" class=\"wp-post-image wp-image-300\" title=\"Silk thread tie, gold plated brass, inscriptions - L 28 cm \/ W 6 cm\" alt=\"Cravate, laiton dor\u00e9, fils de soie, inscriptions - H 28 cm \/ L 6 cm\">\r\n\t\t            <\/a><\/dt>\r\n        \r\n        <dd>\r\n                                <\/dd>\r\n    <\/dl>\r\n\r\n    <dl class=\"gallery-item\" style=\"display:none\">\r\n                    <dt class=\"gallery-icon\">\r\n\t\t\t\t<a data-title=\"\" href=\"https:\/\/gloriaferester-bijoux.com\/wp-content\/uploads\/2019\/02\/bijou-po\u00e8me-6-cravate-2_wp-b.jpg\" title=\"Tie BP 5\" data-rel=\"tb_2ib6019\" class=\"themify_lightbox\">\r\n\t\t\r\n\t\t378\r\n\t\t            <\/a><\/dt>\r\n        \r\n        <dd>\r\n                                <\/dd>\r\n    <\/dl>\r\n\r\n<\/div>\r\n<!-- \/module gallery -->\t        <\/div>\r\n\t    \t<\/div>\r\n\t\t<div  data-lazy=\"1\" class=\"module_column tb-column col4-1 second tb_tb5p408 tf_box\">\r\n\t\t\t    \t        <div class=\"tb-column-inner tf_box tf_w\">\r\n\t\t    <!-- module gallery -->\r\n<div  class=\"module gallery module-gallery tb_3nqk788 layout-lightboxed bordered\" data-lazy=\"1\">\r\n    <h3 class=\"module-title\">BP 6<br>Necklace<\/h3>    <dl class=\"gallery-item tf_hidden\">\r\n                    <dt class=\"gallery-icon\">\r\n\t\t\t\t<a data-title=\"\" href=\"https:\/\/gloriaferester-bijoux.com\/wp-content\/uploads\/2019\/02\/bijou-po\u00e8me-7-pendentif-1_wp.jpg\" title=\"Necklace BP 6\" data-rel=\"tb_3nqk788\" class=\"themify_lightbox\">\r\n\t\t\r\n\t\t<img loading=\"lazy\" src=\"https:\/\/gloriaferester-bijoux.com\/wp-content\/uploads\/2019\/02\/bijou-po\u00e8me-7-pendentif-1_wp-180x250.jpg\" width=\"180\" height=\"250\" class=\"wp-post-image wp-image-315\" title=\"Necklace BP 6\" alt=\"Pendentif BP 6\">\r\n\t\t            <\/a><\/dt>\r\n        \r\n        <dd>\r\n                                <\/dd>\r\n    <\/dl>\r\n\r\n    <dl class=\"gallery-item\" style=\"display:none\">\r\n                    <dt class=\"gallery-icon\">\r\n\t\t\t\t<a data-title=\"\" href=\"https:\/\/gloriaferester-bijoux.com\/wp-content\/uploads\/2019\/02\/bijou-po\u00e8me-7-pendentif-2_wp.jpg\" title=\"Necklace, gold plated brass, turquoise, ribbon &quot;D&#039;une seule caresse, je te fais briller de tout ton \u00e9clat&quot; - H 30 cm \/ H medalion 7 cm \/ W medalion 10 cm\" data-rel=\"tb_3nqk788\" class=\"themify_lightbox\">\r\n\t\t\r\n\t\t567\r\n\t\t            <\/a><\/dt>\r\n        \r\n        <dd>\r\n                                <\/dd>\r\n    <\/dl>\r\n\r\n<\/div>\r\n<!-- \/module gallery -->\t        <\/div>\r\n\t    \t<\/div>\r\n\t\t<div  data-lazy=\"1\" class=\"module_column tb-column col4-1 third tb_55de099 tf_box\">\r\n\t\t\t    \t        <div class=\"tb-column-inner tf_box tf_w\">\r\n\t\t    <!-- module gallery -->\r\n<div  class=\"module gallery module-gallery tb_v6fo134 layout-lightboxed bordered\" data-lazy=\"1\">\r\n    <h3 class=\"module-title\">BP 7<br>Cuff bracelet<\/h3>    <dl class=\"gallery-item tf_hidden\">\r\n                    <dt class=\"gallery-icon\">\r\n\t\t\t\t<a data-title=\"\" href=\"https:\/\/gloriaferester-bijoux.com\/wp-content\/uploads\/2019\/02\/bijou-po\u00e8me-8-manchette-1_wp.jpg\" title=\"Cuff BP 7\" data-rel=\"tb_v6fo134\" class=\"themify_lightbox\">\r\n\t\t\r\n\t\t<img loading=\"lazy\" src=\"https:\/\/gloriaferester-bijoux.com\/wp-content\/uploads\/2019\/02\/bijou-po\u00e8me-8-manchette-1_wp-180x250.jpg\" width=\"180\" height=\"250\" class=\"wp-post-image wp-image-317\" title=\"Cuff BP 7\" alt=\"Manchette, laiton dor\u00e9, &quot;Vivez si m&#039;en croyez, n&#039;attendez \u00e0 demain, cueillez d\u00e8s aujourd&#039;hui les roses de la vie&quot; - H 3,5 cm \/ L 17,5 cm\">\r\n\t\t            <\/a><\/dt>\r\n        \r\n        <dd>\r\n                                <\/dd>\r\n    <\/dl>\r\n\r\n<\/div>\r\n<!-- \/module gallery -->\t        <\/div>\r\n\t    \t<\/div>\r\n\t\t<div  data-lazy=\"1\" class=\"module_column tb-column col4-1 last tb_bibu401 tf_box\">\r\n\t\t\t    \t        <div class=\"tb-column-inner tf_box tf_w\">\r\n\t\t    <!-- module gallery -->\r\n<div  class=\"module gallery module-gallery tb_u3uo315 layout-lightboxed bordered\" data-lazy=\"1\">\r\n    <h3 class=\"module-title\">BP 8<br>Necklace<\/h3>    <dl class=\"gallery-item tf_hidden\">\r\n                    <dt class=\"gallery-icon\">\r\n\t\t\t\t<a data-title=\"\" href=\"https:\/\/gloriaferester-bijoux.com\/wp-content\/uploads\/2019\/02\/bijou-po\u00e8me-5-pendentif-2_wp.jpg\" title=\"Necklace BP 8\" data-rel=\"tb_u3uo315\" class=\"themify_lightbox\">\r\n\t\t\r\n\t\t<img loading=\"lazy\" src=\"https:\/\/gloriaferester-bijoux.com\/wp-content\/uploads\/2019\/02\/bijou-po\u00e8me-5-pendentif-2_wp-180x250.jpg\" width=\"180\" height=\"250\" class=\"wp-post-image wp-image-313\" title=\"Necklace BP 8\" alt=\"Pendentif, laiton argent\u00e9, ruban, &quot; La nuit n&#039;est jamais compl\u00e8te...&quot; - H 29 cm \/ H m\u00e9daillon 7 cm \/ L m\u00e9daillon 10  cm\">\r\n\t\t            <\/a><\/dt>\r\n        \r\n        <dd>\r\n                                <\/dd>\r\n    <\/dl>\r\n\r\n<\/div>\r\n<!-- \/module gallery -->\t        <\/div>\r\n\t    \t<\/div>\r\n\t\t    <\/div>\r\n\t    <!-- \/row_inner -->\r\n\t<\/div>\r\n\t<!-- \/module_row -->\r\n\t\t<!-- module_row -->\r\n\t<div  data-lazy=\"1\" class=\"module_row themify_builder_row tb_e536abe tf_clearfix\">\r\n\t    \t\t<div class=\"row_inner col_align_top col-count-5 tf_box tf_w tf_rel\">\r\n\t\t\t<div  data-lazy=\"1\" class=\"module_column tb-column col5-1 first tb_38538e8 tf_box\">\r\n\t\t\t    \t<\/div>\r\n\t\t<div  data-lazy=\"1\" class=\"module_column tb-column col5-1 second tb_8bf71e2 tf_box\">\r\n\t\t\t    \t<\/div>\r\n\t\t<div  data-lazy=\"1\" class=\"module_column tb-column col5-1 third tb_efc3c89 tf_box\">\r\n\t\t\t    \t<\/div>\r\n\t\t<div  data-lazy=\"1\" class=\"module_column tb-column col5-1 fourth tb_6f4af70 tf_box\">\r\n\t\t\t    \t<\/div>\r\n\t\t<div  data-lazy=\"1\" class=\"module_column tb-column col5-1 last tb_36b6033 tf_box\">\r\n\t\t\t    \t<\/div>\r\n\t\t    <\/div>\r\n\t    <!-- \/row_inner -->\r\n\t<\/div>\r\n\t<!-- \/module_row -->\r\n\t\t<!-- module_row -->\r\n\t<div  data-lazy=\"1\" class=\"module_row themify_builder_row tb_6wl2440 tf_clearfix\">\r\n\t    \t\t<div class=\"row_inner col_align_top col-count-5 tf_box tf_w tf_rel\">\r\n\t\t\t<div  data-lazy=\"1\" class=\"module_column tb-column col5-1 first tb_lap7014 tf_box\">\r\n\t\t\t    \t<\/div>\r\n\t\t<div  data-lazy=\"1\" class=\"module_column tb-column col5-1 second tb_b2vc111 tf_box\">\r\n\t\t\t    \t<\/div>\r\n\t\t<div  data-lazy=\"1\" class=\"module_column tb-column col5-1 third tb_ksy5434 tf_box\">\r\n\t\t\t    \t<\/div>\r\n\t\t<div  data-lazy=\"1\" class=\"module_column tb-column col5-1 fourth tb_ui9q043 tf_box\">\r\n\t\t\t    \t<\/div>\r\n\t\t<div  data-lazy=\"1\" class=\"module_column tb-column col5-1 last tb_mzey333 tf_box\">\r\n\t\t\t    \t<\/div>\r\n\t\t    <\/div>\r\n\t    <!-- \/row_inner -->\r\n\t<\/div>\r\n\t<!-- \/module_row -->\r\n\t\t<!-- module_row -->\r\n\t<div  data-lazy=\"1\" class=\"module_row themify_builder_row tb_xf6z030 tf_clearfix\">\r\n\t    \t\t<div class=\"row_inner col_align_top col-count-5 tf_box tf_w tf_rel\">\r\n\t\t\t<div  data-lazy=\"1\" class=\"module_column tb-column col5-1 first tb_9epk113 tf_box\">\r\n\t\t\t    \t<\/div>\r\n\t\t<div  data-lazy=\"1\" class=\"module_column tb-column col5-1 second tb_amqu441 tf_box\">\r\n\t\t\t    \t<\/div>\r\n\t\t<div  data-lazy=\"1\" class=\"module_column tb-column col5-1 third tb_p1j2444 tf_box\">\r\n\t\t\t    \t<\/div>\r\n\t\t<div  data-lazy=\"1\" class=\"module_column tb-column col5-1 fourth tb_h8c5105 tf_box\">\r\n\t\t\t    \t<\/div>\r\n\t\t<div  data-lazy=\"1\" class=\"module_column tb-column col5-1 last tb_crmc504 tf_box\">\r\n\t\t\t    \t<\/div>\r\n\t\t    <\/div>\r\n\t    <!-- \/row_inner -->\r\n\t<\/div>\r\n\t<!-- \/module_row -->\r\n\t\t<!-- module_row -->\r\n\t<div  data-lazy=\"1\" class=\"module_row themify_builder_row repeat tb_j6sk400 tf_clearfix\" >\r\n\t    \t\t<div class=\"row_inner col_align_top col-count-2 tf_box tf_w tf_rel\">\r\n\t\t\t<div  data-lazy=\"1\" class=\"module_column tb-column col4-2 first tb_4p6j331 tf_box\">\r\n\t\t\t    \t        <div class=\"tb-column-inner tf_box tf_w\">\r\n\t\t    <!-- module buttons -->\r\n<div  class=\"module module-buttons tb_b0fe88a buttons-horizontal solid  xlarge rounded\" data-lazy=\"1\">\r\n    \t<div class=\"module-buttons-item tf_inline_b\">\r\n\t\t\t\t\t\t\t<a href=\"https:\/\/gloriaferester-bijoux.com\/en\/geometrie\/\" class=\"ui builder_button transparent\" >\r\n\t\t\t\t\t\t\t\t\t\t\t<span class=\"tf_inline_b tf_vmiddle\">Previous collection<\/span>\r\n\t\t\t\t\t\t\t\t\t\t\t<\/a>\r\n\t\t\t    \t<\/div>\r\n\t<\/div>\r\n<!-- \/module buttons -->\r\n\t        <\/div>\r\n\t    \t<\/div>\r\n\t\t<div  data-lazy=\"1\" class=\"module_column tb-column col4-2 last tb_xts5469 tf_box\">\r\n\t\t\t    \t        <div class=\"tb-column-inner tf_box tf_w\">\r\n\t\t    <!-- module buttons -->\r\n<div  class=\"module module-buttons tb_vukx133 buttons-horizontal solid  xlarge rounded\" data-lazy=\"1\">\r\n    \t<div class=\"module-buttons-item tf_inline_b\">\r\n\t\t\t\t\t\t\t<a href=\"https:\/\/gloriaferester-bijoux.com\/en\/masques\/\" class=\"ui builder_button transparent\" >\r\n\t\t\t\t\t\t\t\t\t\t\t<span class=\"tf_inline_b tf_vmiddle\">Next collection<\/span>\r\n\t\t\t\t\t\t\t\t\t\t\t<\/a>\r\n\t\t\t    \t<\/div>\r\n\t<\/div>\r\n<!-- \/module buttons -->\r\n\t        <\/div>\r\n\t    \t<\/div>\r\n\t\t    <\/div>\r\n\t    <!-- \/row_inner -->\r\n\t<\/div>\r\n\t<!-- \/module_row -->\r\n\t<\/div>\r\n<!--\/themify_builder_content-->\r\n<\/p>\n<p>&nbsp;<\/p>","protected":false},"excerpt":{"rendered":"<p>\u00a0\u00a0\u00a0\u00a0\u00a0 Les vers de Ronsard, Victor Hugo, Eluard, Aragon, Chardonne accompagnent des bijoux-po\u00e8mes o\u00f9 le c\u0153ur, centre du corps et de la vie, si\u00e8ge des \u00e9motions, embl\u00e8me de la passion, offre une repr\u00e9sentation de l\u2019amour sublime autant que profane. \u00a0\u00a0\u00a0\u00a0\u00a0 \u00ab\u00a0Quoi de plus beau pour une femme que de nouer autour de son cou une [&hellip;]<\/p>","protected":false},"author":1,"featured_media":0,"parent":0,"menu_order":0,"comment_status":"closed","ping_status":"closed","template":"","meta":{"_mi_skip_tracking":false},"yoast_head":"<!-- This site is optimized with the Yoast SEO plugin v15.7 - https:\/\/yoast.com\/wordpress\/plugins\/seo\/ -->\n<title>Bijoux de cr\u00e9ateur- Bijoux-po\u00e8mes - Gloria Ferester Paris<\/title>\n<meta name=\"description\" content=\"Les vers de grands po\u00e8tes fran\u00e7ais ornent ces cr\u00e9ations en laiton dor\u00e9 faites \u00e0 la main et composent des bijoux-po\u00e8mes en forme de coeur, cravate ou manchette.\" \/>\n<meta name=\"robots\" content=\"index, follow, max-snippet:-1, max-image-preview:large, max-video-preview:-1\" \/>\n<link rel=\"canonical\" href=\"https:\/\/gloriaferester-bijoux.com\/en\/bijoux-poemes\/\" \/>\n<meta property=\"og:locale\" content=\"en_GB\" \/>\n<meta property=\"og:type\" content=\"article\" \/>\n<meta property=\"og:title\" content=\"Bijoux de cr\u00e9ateur- Bijoux-po\u00e8mes - Gloria Ferester Paris\" \/>\n<meta property=\"og:description\" content=\"Les vers de grands po\u00e8tes fran\u00e7ais ornent ces cr\u00e9ations en laiton dor\u00e9 faites \u00e0 la main et composent des bijoux-po\u00e8mes en forme de coeur, cravate ou manchette.\" \/>\n<meta property=\"og:url\" content=\"https:\/\/gloriaferester-bijoux.com\/en\/bijoux-poemes\/\" \/>\n<meta property=\"og:site_name\" content=\"Gloria Ferester\" \/>\n<meta property=\"article:modified_time\" content=\"2021-02-03T16:54:07+00:00\" \/>\n<meta property=\"og:image\" content=\"http:\/\/gloriaferester-bijoux.com\/wp-content\/uploads\/2019\/05\/pendentif-agate-wp-72-ppp-150x150.jpg\" \/>\n<meta name=\"twitter:card\" content=\"summary_large_image\" \/>\n<meta name=\"twitter:label1\" content=\"Estimated reading time\">\n\t<meta name=\"twitter:data1\" content=\"1 minute\">\n<script type=\"application\/ld+json\" class=\"yoast-schema-graph\">{\"@context\":\"https:\/\/schema.org\",\"@graph\":[{\"@type\":[\"Person\",\"Organization\"],\"@id\":\"https:\/\/gloriaferester-bijoux.com\/fr_fr\/#\/schema\/person\/9a3539945155c01c675c002d369a6264\",\"name\":\"admin7742\",\"image\":{\"@type\":\"ImageObject\",\"@id\":\"https:\/\/gloriaferester-bijoux.com\/fr_fr\/#personlogo\",\"inLanguage\":\"en-GB\",\"url\":\"https:\/\/secure.gravatar.com\/avatar\/2fcb8e48a746c7cf58fc7f685b3968bb?s=96&d=mm&r=g\",\"caption\":\"admin7742\"},\"logo\":{\"@id\":\"https:\/\/gloriaferester-bijoux.com\/fr_fr\/#personlogo\"}},{\"@type\":\"WebSite\",\"@id\":\"https:\/\/gloriaferester-bijoux.com\/fr_fr\/#website\",\"url\":\"https:\/\/gloriaferester-bijoux.com\/fr_fr\/\",\"name\":\"Gloria Ferester\",\"description\":\"Paris\",\"publisher\":{\"@id\":\"https:\/\/gloriaferester-bijoux.com\/fr_fr\/#\/schema\/person\/9a3539945155c01c675c002d369a6264\"},\"potentialAction\":[{\"@type\":\"SearchAction\",\"target\":\"https:\/\/gloriaferester-bijoux.com\/fr_fr\/?s={search_term_string}\",\"query-input\":\"required name=search_term_string\"}],\"inLanguage\":\"en-GB\"},{\"@type\":\"WebPage\",\"@id\":\"http:\/\/gloriaferester-bijoux.com\/fr_fr\/bijoux-poemes\/#webpage\",\"url\":\"http:\/\/gloriaferester-bijoux.com\/fr_fr\/bijoux-poemes\/\",\"name\":\"Bijoux de cr\\u00e9ateur- Bijoux-po\\u00e8mes - Gloria Ferester Paris\",\"isPartOf\":{\"@id\":\"https:\/\/gloriaferester-bijoux.com\/fr_fr\/#website\"},\"datePublished\":\"2019-02-28T11:01:47+00:00\",\"dateModified\":\"2021-02-03T16:54:07+00:00\",\"description\":\"Les vers de grands po\\u00e8tes fran\\u00e7ais ornent ces cr\\u00e9ations en laiton dor\\u00e9 faites \\u00e0 la main et composent des bijoux-po\\u00e8mes en forme de coeur, cravate ou manchette.\",\"breadcrumb\":{\"@id\":\"http:\/\/gloriaferester-bijoux.com\/fr_fr\/bijoux-poemes\/#breadcrumb\"},\"inLanguage\":\"en-GB\",\"potentialAction\":[{\"@type\":\"ReadAction\",\"target\":[\"http:\/\/gloriaferester-bijoux.com\/fr_fr\/bijoux-poemes\/\"]}]},{\"@type\":\"BreadcrumbList\",\"@id\":\"http:\/\/gloriaferester-bijoux.com\/fr_fr\/bijoux-poemes\/#breadcrumb\",\"itemListElement\":[{\"@type\":\"ListItem\",\"position\":1,\"item\":{\"@type\":\"WebPage\",\"@id\":\"https:\/\/gloriaferester-bijoux.com\/fr_fr\/\",\"url\":\"https:\/\/gloriaferester-bijoux.com\/fr_fr\/\",\"name\":\"Accueil\"}},{\"@type\":\"ListItem\",\"position\":2,\"item\":{\"@type\":\"WebPage\",\"@id\":\"http:\/\/gloriaferester-bijoux.com\/fr_fr\/bijoux-poemes\/\",\"url\":\"http:\/\/gloriaferester-bijoux.com\/fr_fr\/bijoux-poemes\/\",\"name\":\"Bijoux-po\\u00e8mes\"}}]}]}<\/script>\n<!-- \/ Yoast SEO plugin. -->","builder_content":"<p><strong>\u00a0\u00a0\u00a0\u00a0\u00a0 Les vers de Ronsard, Victor Hugo, Eluard, Aragon, Chardonne accompagnent des bijoux-po\u00e8mes o\u00f9 le c\u0153ur, centre du corps et de la vie, si\u00e8ge des \u00e9motions, embl\u00e8me de la passion, offre une repr\u00e9sentation de l\u2019amour sublime autant que profane.<\/strong><\/p> <p><strong>\u00a0\u00a0\u00a0\u00a0\u00a0<em> \u00ab\u00a0Quoi de plus beau pour une femme que de nouer autour de son cou une passion en guise de c\u0153ur\u00a0\u00bb. Yves Saint Laurent<\/em><\/strong><\/p> <p><strong>\u00a0\u00a0\u00a0\u00a0\u00a0 La \u00a0po\u00e9sie transpara\u00eet \u00e9galement dans un pendentif\u00a0aux agates laiteuses dont les dendrites \u00e9voquent la calligraphie d\u2019un ha\u00eeku\u00a0: une \u00e9toile-mousse, une palme v\u00e9g\u00e9tale, un id\u00e9ogramme que les forces originelles auront d\u00e9pos\u00e9s au sein d\u2019une agate, composent un d\u00e9licat bijou-po\u00e8me. Et lorsque les pierres parlent, nul besoin de mots.<br \/><\/strong><\/p>\n<h3>BP 1<br>Pendentif<\/h3>[gallery ids=\"1176,289\"]\n<h3>BP 2<br>Collier<\/h3>[gallery ids=\"294,295\"]\n<h3>BP 3<br>Pendentif<\/h3>[gallery ids=\"296\"]\n<h3>BP 4<br>Manchette<\/h3>[gallery ids=\"297\"]\n<h3>BP 5<br>Cravate<\/h3>[gallery ids=\"300,326\"]\n<h3>BP 6<br>Pendentif<\/h3>[gallery ids=\"315,316\"]\n<h3>BP 7<br>Manchette<\/h3>[gallery ids=\"317\"]\n<h3>BP 8<br>Pendentif<\/h3>[gallery ids=\"313\"]\n<a href=\"https:\/\/gloriaferester-bijoux.com\/geometrie\/\" >\n Collection pr\u00e9c\u00e9dente\n <\/a>\n<a href=\"https:\/\/gloriaferester-bijoux.com\/masques\/\" >\n Collection suivante\n <\/a>","_links":{"self":[{"href":"https:\/\/gloriaferester-bijoux.com\/en\/wp-json\/wp\/v2\/pages\/234"}],"collection":[{"href":"https:\/\/gloriaferester-bijoux.com\/en\/wp-json\/wp\/v2\/pages"}],"about":[{"href":"https:\/\/gloriaferester-bijoux.com\/en\/wp-json\/wp\/v2\/types\/page"}],"author":[{"embeddable":true,"href":"https:\/\/gloriaferester-bijoux.com\/en\/wp-json\/wp\/v2\/users\/1"}],"replies":[{"embeddable":true,"href":"https:\/\/gloriaferester-bijoux.com\/en\/wp-json\/wp\/v2\/comments?post=234"}],"version-history":[{"count":51,"href":"https:\/\/gloriaferester-bijoux.com\/en\/wp-json\/wp\/v2\/pages\/234\/revisions"}],"predecessor-version":[{"id":1785,"href":"https:\/\/gloriaferester-bijoux.com\/en\/wp-json\/wp\/v2\/pages\/234\/revisions\/1785"}],"wp:attachment":[{"href":"https:\/\/gloriaferester-bijoux.com\/en\/wp-json\/wp\/v2\/media?parent=234"}],"curies":[{"name":"wp","href":"https:\/\/api.w.org\/{rel}","templated":true}]}}